{"id":110,"date":"2017-12-27T15:02:14","date_gmt":"2017-12-27T14:02:14","guid":{"rendered":"https:\/\/cortonamaec.org\/?page_id=110"},"modified":"2023-10-18T13:08:22","modified_gmt":"2023-10-18T11:08:22","slug":"come-arrivare","status":"publish","type":"page","link":"https:\/\/archivio.cortonamaec.org\/it\/come-arrivare\/","title":{"rendered":"Come Arrivare"},"content":{"rendered":"<p><a href=\"https:\/\/cortonamaec.org\/wp-content\/uploads\/2017\/12\/Layer-22.jpg\"><img loading=\"lazy\" decoding=\"async\" class=\"alignleft wp-image-117\" src=\"https:\/\/cortonamaec.org\/wp-content\/uploads\/2017\/12\/Layer-22-300x197.jpg\" alt=\"MAEC Cortona | Palazzo Casali\" width=\"550\" height=\"361\" srcset=\"https:\/\/archivio.cortonamaec.org\/wp-content\/uploads\/2017\/12\/Layer-22-300x197.jpg 300w, https:\/\/archivio.cortonamaec.org\/wp-content\/uploads\/2017\/12\/Layer-22-768x504.jpg 768w, https:\/\/archivio.cortonamaec.org\/wp-content\/uploads\/2017\/12\/Layer-22-1024x672.jpg 1024w, https:\/\/archivio.cortonamaec.org\/wp-content\/uploads\/2017\/12\/Layer-22.jpg 1600w\" sizes=\"auto, (max-width: 550px) 100vw, 550px\" \/><\/a><\/p>\n<h2><em>Dove siamo<\/em><\/h2>\n<h1>La citt\u00e0 di Cortona<\/h1>\n<p>Cortona appare ancora oggi con un aspetto non troppo dissimile da quello di epoca etrusca, quando il suo nome risuonava come <em>Curtun<\/em> e rappresentava una delle dodici capitali dell\u2019Etruria.<\/p>\n<p>Cinta da 3 km di mura etrusche e romane, racchiude al suo interno le preziose tracce della storia che l\u2019ha percorsa dalla preistoria fino ai gironi nostri.<\/p>\n<p>Il MAEC, detentore della memoria storica e artistica della citt\u00e0, si trova al centro di una delle due piazze principali di Cortona.<\/p>\n<p>La sede del museo si trova in fatti nello storico Palazzo Casali, in Piazza Signorelli a Cortona.<\/p>\n<p>\u00a0<\/p>\n<h2><em><img loading=\"lazy\" decoding=\"async\" class=\"alignleft size-full wp-image-118\" src=\"https:\/\/cortonamaec.org\/wp-content\/uploads\/2017\/12\/train.png\" alt=\"\" width=\"135\" height=\"90\">In treno<\/em><\/h2>\n<p><strong>Linea Ferroviaria Firenze\/Roma:<\/strong> Stazione di Terontola o Camucia.<br>\n<strong>Linea Ferroviaria Terontola-Perugia-Assisi-Terni<\/strong>: Stazione di Terontola.<br>\nArrivati alle stazioni \u00e8 possibile raggiungere Cortona con taxi o autobus Tiemme.<\/p>\n<h2><em><img loading=\"lazy\" decoding=\"async\" class=\"alignleft size-full wp-image-116\" src=\"https:\/\/cortonamaec.org\/wp-content\/uploads\/2017\/12\/car.png\" alt=\"\" width=\"135\" height=\"90\">In auto<\/em><\/h2>\n<p>Uscire dall\u2019autostrada del Sole (A1) al casello Valdichiana. Subito dopo l\u2019uscita dal casello prendere la superstrada E45 (raccordo Siena-Perugia) in direzione Perugia ed uscire alla seconda uscita per Cortona (Cortona San Lorenzo). Da qua baster\u00e0 seguire le indicazioni gi\u00e0 numerose per Cortona in modo da arrivare alla SR71 in localit\u00e0 Camucia deviando per Cortona-Citt\u00e0 di Castello.<\/p>\n<p>Le coordinate GPS per i navigatori satellitare sono <a href=\"https:\/\/www.google.it\/maps?q=43.275362,+11.985078&amp;um=1&amp;ie=UTF-8&amp;sa=X&amp;ved=0ahUKEwi29L6y-IbYAhWHFewKHRBMAbMQ_AUICigB\">43.275362, 11.985078<\/a>.<\/p>\n<h2><em><img loading=\"lazy\" decoding=\"async\" class=\"alignleft size-full wp-image-115\" src=\"https:\/\/cortonamaec.org\/wp-content\/uploads\/2017\/12\/bus.png\" alt=\"\" width=\"135\" height=\"90\">Servizio autobus Tiemme<\/em><\/h2>\n<p>Se si arriva in treno alle stazioni di Camucia, Terontola, Arezzo o Castiglion Fiorentino \u00e8 possibile raggiungere Cortona con il servizio autobus. Per maggiori informazioni visitare il sito <a href=\"https:\/\/www.at-bus.it\/it\/linee-e-orari\/arezzo\">Autolinee toscane<\/a>.<\/p>\n","protected":false},"excerpt":{"rendered":"<p>Dove siamo La citt\u00e0 di Cortona Cortona appare ancora oggi con un aspetto non troppo dissimile da quello di epoca etrusca, quando il suo nome risuonava come Curtun e rappresentava una delle dodici capitali dell\u2019Etruria. Cinta da 3 km di mura etrusche e romane, racchiude al suo interno le preziose tracce della storia che l\u2019ha [&hellip;]<\/p>\n","protected":false},"author":6,"featured_media":112,"parent":0,"menu_order":0,"comment_status":"closed","ping_status":"closed","template":"","meta":{"accademia_id":0,"footnotes":""},"class_list":["post-110","page","type-page","status-publish","has-post-thumbnail","hentry"],"yoast_head":"<!-- This site is optimized with the Yoast SEO plugin v26.3 - https:\/\/yoast.com\/wordpress\/plugins\/seo\/ -->\n<title>Come arrivare al MAEC Cortona | Indicazioni per raggiungere il Museo<\/title>\n<meta name=\"description\" content=\"Informazioni su come raggiungere la splendida citt\u00e0 etrusca di Cortona e il Museo MAEC con mezzi pubblici o in automobile.\" \/>\n<meta name=\"robots\" content=\"index, follow, max-snippet:-1, max-image-preview:large, max-video-preview:-1\" \/>\n<link rel=\"canonical\" href=\"https:\/\/archivio.cortonamaec.org\/it\/come-arrivare\/\" \/>\n<meta property=\"og:locale\" content=\"it_IT\" \/>\n<meta property=\"og:type\" content=\"article\" \/>\n<meta property=\"og:title\" content=\"Come arrivare al MAEC Cortona | Indicazioni per raggiungere il Museo\" \/>\n<meta property=\"og:description\" content=\"Informazioni su come raggiungere la splendida citt\u00e0 etrusca di Cortona e il Museo MAEC con mezzi pubblici o in automobile.\" \/>\n<meta property=\"og:url\" content=\"https:\/\/archivio.cortonamaec.org\/it\/come-arrivare\/\" \/>\n<meta property=\"og:site_name\" content=\"MAEC Cortona\" \/>\n<meta property=\"article:modified_time\" content=\"2023-10-18T11:08:22+00:00\" \/>\n<meta property=\"og:image\" content=\"https:\/\/archivio.cortonamaec.org\/wp-content\/uploads\/2017\/12\/header-come-arrivare.jpg\" \/>\n\t<meta property=\"og:image:width\" content=\"1920\" \/>\n\t<meta property=\"og:image:height\" content=\"800\" \/>\n\t<meta property=\"og:image:type\" content=\"image\/jpeg\" \/>\n<meta name=\"twitter:card\" content=\"summary_large_image\" \/>\n<meta name=\"twitter:label1\" content=\"Tempo di lettura stimato\" \/>\n\t<meta name=\"twitter:data1\" content=\"3 minuti\" \/>\n<script type=\"application\/ld+json\" class=\"yoast-schema-graph\">{\"@context\":\"https:\/\/schema.org\",\"@graph\":[{\"@type\":\"WebPage\",\"@id\":\"https:\/\/archivio.cortonamaec.org\/it\/come-arrivare\/\",\"url\":\"https:\/\/archivio.cortonamaec.org\/it\/come-arrivare\/\",\"name\":\"Come arrivare al MAEC Cortona | Indicazioni per raggiungere il Museo\",\"isPartOf\":{\"@id\":\"https:\/\/archivio.cortonamaec.org\/it\/#website\"},\"primaryImageOfPage\":{\"@id\":\"https:\/\/archivio.cortonamaec.org\/it\/come-arrivare\/#primaryimage\"},\"image\":{\"@id\":\"https:\/\/archivio.cortonamaec.org\/it\/come-arrivare\/#primaryimage\"},\"thumbnailUrl\":\"https:\/\/archivio.cortonamaec.org\/wp-content\/uploads\/2017\/12\/header-come-arrivare.jpg\",\"datePublished\":\"2017-12-27T14:02:14+00:00\",\"dateModified\":\"2023-10-18T11:08:22+00:00\",\"description\":\"Informazioni su come raggiungere la splendida citt\u00e0 etrusca di Cortona e il Museo MAEC con mezzi pubblici o in automobile.\",\"breadcrumb\":{\"@id\":\"https:\/\/archivio.cortonamaec.org\/it\/come-arrivare\/#breadcrumb\"},\"inLanguage\":\"it-IT\",\"potentialAction\":[{\"@type\":\"ReadAction\",\"target\":[\"https:\/\/archivio.cortonamaec.org\/it\/come-arrivare\/\"]}]},{\"@type\":\"ImageObject\",\"inLanguage\":\"it-IT\",\"@id\":\"https:\/\/archivio.cortonamaec.org\/it\/come-arrivare\/#primaryimage\",\"url\":\"https:\/\/archivio.cortonamaec.org\/wp-content\/uploads\/2017\/12\/header-come-arrivare.jpg\",\"contentUrl\":\"https:\/\/archivio.cortonamaec.org\/wp-content\/uploads\/2017\/12\/header-come-arrivare.jpg\",\"width\":1920,\"height\":800,\"caption\":\"MAEC Cortona\"},{\"@type\":\"BreadcrumbList\",\"@id\":\"https:\/\/archivio.cortonamaec.org\/it\/come-arrivare\/#breadcrumb\",\"itemListElement\":[{\"@type\":\"ListItem\",\"position\":1,\"name\":\"Home\",\"item\":\"https:\/\/archivio.cortonamaec.org\/it\/\"},{\"@type\":\"ListItem\",\"position\":2,\"name\":\"Come Arrivare\"}]},{\"@type\":\"WebSite\",\"@id\":\"https:\/\/archivio.cortonamaec.org\/it\/#website\",\"url\":\"https:\/\/archivio.cortonamaec.org\/it\/\",\"name\":\"MAEC Cortona\",\"description\":\"Museo dell&#039;Accademia Etrusca e della Citt\u00e0 di Cortona\",\"potentialAction\":[{\"@type\":\"SearchAction\",\"target\":{\"@type\":\"EntryPoint\",\"urlTemplate\":\"https:\/\/archivio.cortonamaec.org\/it\/?s={search_term_string}\"},\"query-input\":{\"@type\":\"PropertyValueSpecification\",\"valueRequired\":true,\"valueName\":\"search_term_string\"}}],\"inLanguage\":\"it-IT\"}]}<\/script>\n<!-- \/ Yoast SEO plugin. -->","yoast_head_json":{"title":"Come arrivare al MAEC Cortona | Indicazioni per raggiungere il Museo","description":"Informazioni su come raggiungere la splendida citt\u00e0 etrusca di Cortona e il Museo MAEC con mezzi pubblici o in automobile.","robots":{"index":"index","follow":"follow","max-snippet":"max-snippet:-1","max-image-preview":"max-image-preview:large","max-video-preview":"max-video-preview:-1"},"canonical":"https:\/\/archivio.cortonamaec.org\/it\/come-arrivare\/","og_locale":"it_IT","og_type":"article","og_title":"Come arrivare al MAEC Cortona | Indicazioni per raggiungere il Museo","og_description":"Informazioni su come raggiungere la splendida citt\u00e0 etrusca di Cortona e il Museo MAEC con mezzi pubblici o in automobile.","og_url":"https:\/\/archivio.cortonamaec.org\/it\/come-arrivare\/","og_site_name":"MAEC Cortona","article_modified_time":"2023-10-18T11:08:22+00:00","og_image":[{"width":1920,"height":800,"url":"https:\/\/archivio.cortonamaec.org\/wp-content\/uploads\/2017\/12\/header-come-arrivare.jpg","type":"image\/jpeg"}],"twitter_card":"summary_large_image","twitter_misc":{"Tempo di lettura stimato":"3 minuti"},"schema":{"@context":"https:\/\/schema.org","@graph":[{"@type":"WebPage","@id":"https:\/\/archivio.cortonamaec.org\/it\/come-arrivare\/","url":"https:\/\/archivio.cortonamaec.org\/it\/come-arrivare\/","name":"Come arrivare al MAEC Cortona | Indicazioni per raggiungere il Museo","isPartOf":{"@id":"https:\/\/archivio.cortonamaec.org\/it\/#website"},"primaryImageOfPage":{"@id":"https:\/\/archivio.cortonamaec.org\/it\/come-arrivare\/#primaryimage"},"image":{"@id":"https:\/\/archivio.cortonamaec.org\/it\/come-arrivare\/#primaryimage"},"thumbnailUrl":"https:\/\/archivio.cortonamaec.org\/wp-content\/uploads\/2017\/12\/header-come-arrivare.jpg","datePublished":"2017-12-27T14:02:14+00:00","dateModified":"2023-10-18T11:08:22+00:00","description":"Informazioni su come raggiungere la splendida citt\u00e0 etrusca di Cortona e il Museo MAEC con mezzi pubblici o in automobile.","breadcrumb":{"@id":"https:\/\/archivio.cortonamaec.org\/it\/come-arrivare\/#breadcrumb"},"inLanguage":"it-IT","potentialAction":[{"@type":"ReadAction","target":["https:\/\/archivio.cortonamaec.org\/it\/come-arrivare\/"]}]},{"@type":"ImageObject","inLanguage":"it-IT","@id":"https:\/\/archivio.cortonamaec.org\/it\/come-arrivare\/#primaryimage","url":"https:\/\/archivio.cortonamaec.org\/wp-content\/uploads\/2017\/12\/header-come-arrivare.jpg","contentUrl":"https:\/\/archivio.cortonamaec.org\/wp-content\/uploads\/2017\/12\/header-come-arrivare.jpg","width":1920,"height":800,"caption":"MAEC Cortona"},{"@type":"BreadcrumbList","@id":"https:\/\/archivio.cortonamaec.org\/it\/come-arrivare\/#breadcrumb","itemListElement":[{"@type":"ListItem","position":1,"name":"Home","item":"https:\/\/archivio.cortonamaec.org\/it\/"},{"@type":"ListItem","position":2,"name":"Come Arrivare"}]},{"@type":"WebSite","@id":"https:\/\/archivio.cortonamaec.org\/it\/#website","url":"https:\/\/archivio.cortonamaec.org\/it\/","name":"MAEC Cortona","description":"Museo dell&#039;Accademia Etrusca e della Citt\u00e0 di Cortona","potentialAction":[{"@type":"SearchAction","target":{"@type":"EntryPoint","urlTemplate":"https:\/\/archivio.cortonamaec.org\/it\/?s={search_term_string}"},"query-input":{"@type":"PropertyValueSpecification","valueRequired":true,"valueName":"search_term_string"}}],"inLanguage":"it-IT"}]}},"acf":[],"_links":{"self":[{"href":"https:\/\/archivio.cortonamaec.org\/it\/wp-json\/wp\/v2\/pages\/110","targetHints":{"allow":["GET"]}}],"collection":[{"href":"https:\/\/archivio.cortonamaec.org\/it\/wp-json\/wp\/v2\/pages"}],"about":[{"href":"https:\/\/archivio.cortonamaec.org\/it\/wp-json\/wp\/v2\/types\/page"}],"author":[{"embeddable":true,"href":"https:\/\/archivio.cortonamaec.org\/it\/wp-json\/wp\/v2\/users\/6"}],"replies":[{"embeddable":true,"href":"https:\/\/archivio.cortonamaec.org\/it\/wp-json\/wp\/v2\/comments?post=110"}],"version-history":[{"count":12,"href":"https:\/\/archivio.cortonamaec.org\/it\/wp-json\/wp\/v2\/pages\/110\/revisions"}],"predecessor-version":[{"id":3134,"href":"https:\/\/archivio.cortonamaec.org\/it\/wp-json\/wp\/v2\/pages\/110\/revisions\/3134"}],"wp:featuredmedia":[{"embeddable":true,"href":"https:\/\/archivio.cortonamaec.org\/it\/wp-json\/wp\/v2\/media\/112"}],"wp:attachment":[{"href":"https:\/\/archivio.cortonamaec.org\/it\/wp-json\/wp\/v2\/media?parent=110"}],"curies":[{"name":"wp","href":"https:\/\/api.w.org\/{rel}","templated":true}]}}