{"id":1203,"date":"2020-03-17T11:21:20","date_gmt":"2020-03-17T10:21:20","guid":{"rendered":"https:\/\/cortonamaec.org\/?page_id=1203"},"modified":"2020-03-18T08:32:29","modified_gmt":"2020-03-18T07:32:29","slug":"virtual-tour","status":"publish","type":"page","link":"https:\/\/archivio.cortonamaec.org\/it\/virtual-tour\/","title":{"rendered":"Virtual Tour"},"content":{"rendered":"<h1>LA BIBLIOTECA \u201cALTA\u201d<\/h1>\n<p>La Biblioteca settecentesca, che ancora conserva le originali scaffalature dell\u2019epoca, custodisce preziosi volumi di cultura non solo umanistica, ma anche scientifica, religiosa, tecnica e non mancano le risorse dei nuovi indirizzi culturali del Settecento europeo: ne \u00e8 simbolo l\u2019<em>Encyclop\u00e9die<\/em>, che nella sua versione livornese fu promossa proprio a Cortona da Filippo Venuti, che dell\u2019Accademia fu uno dei fondatori e Lucumone.<\/p>\n<p>Lo stemma, posto sopra al camino, \u00e8 quello dell\u2019Accademia Etrusca: il tripode, simbolo di Apollo, \u00e8 lo strumento attraverso il quale si pu\u00f2 rispondere anche alle domande pi\u00f9 oscure; il serpente indica la sapienza da cui sono ispirate le risposte; la stella allude ad Elettra, mitica figlia di Atlante e sposa di Corito, fondatore e re di Cortona; la corona turrita allude infine allo strettissimo legame con la citt\u00e0 in cui l\u2019Accademia ha sede. Tutte le figure allegoriche chiariscono il significato del motto posto sotto lo stemma, tratto da un verso del massimo poema di Lucrezio, <em>De rerum natura<\/em>, Liber I, vv.: <em>OBSCURA DE RE LUCIDA PANGO<\/em>.<\/p>\n<div class=\"tour-wrap\"><iframe loading=\"lazy\" style=\"border: 0;\" src=\"https:\/\/www.google.com\/maps\/embed?pb=!4v1542108539053!6m8!1m7!1sCAoSLEFGMVFpcE0xZ1NWSjFMSnBuaE0yX1NnZFVvTXNPdGg3NmZKaEozOU41Nnhr!2m2!1d43.275625951656!2d11.984696286949!3f92.10014276238444!4f-1.5878608169578143!5f0.4000000000000002\" width=\"1170\" height=\"600\" frameborder=\"0\" allowfullscreen=\"allowfullscreen\"><span data-mce-type=\"bookmark\" style=\"display: inline-block; width: 0px; overflow: hidden; line-height: 0;\" class=\"mce_SELRES_start\">\ufeff<\/span><\/iframe><\/div>\n<div class=\"clearfix\"><\/div>\n<p>\u00a0<\/p>\n<h1>LA SALA DEL TEMPIETTO GINORI<\/h1>\n<p>Il cosiddetto Tempietto Ginori, uno dei pezzi pi\u00f9 singolari e notevoli del MAEC, domina al centro della sala alla quale d\u00e0 il nome. Si tratta si una complessa \u201cmacchina\u201d realizzata nella manifattura delle porcellane di Doccia.<br>\nLa struttura \u00e8 alta 167 centimetri e f\u00f9 progettata per poter girare.<br>\nVenne donata dal marchese Carlo Ginori Lucumone dell\u2019Accademia nel 1756 e rappresenta allegoricamente il dominio mediceo che stava cedendo il passo al potere dei Lorena.<\/p>\n<p>Sotto all\u2019affresco rafigurante L\u2019Annunciazione, opera del pittore aretino Salvi Castellucci, realizzata nel 1633, \u00e8 esposta la collezione numismatica dell\u2019Accademia Etrusca.<\/p>\n<p>Nelle altre bacheche ai lati della stanza, si possono amirare la collezione di gemme e oreficerie dell\u2019Accademia, oltre ad una serie di calchi in gesso e zolfo di epoca settecentesca e ottocentesca.<\/p>\n<p>Gli stemmi affrescati appartengono alle famiglie Della Rena e Marzi-Medici dipinti rispettivamente nel 1656 e nel 1661.<\/p>\n<div class=\"tour-wrap\"><iframe loading=\"lazy\" style=\"border: 0;\" src=\"https:\/\/www.google.com\/maps\/embed?pb=!4v1542108287584!6m8!1m7!1sCAoSLEFGMVFpcFBvanVITUNIakJUMVYzWVZUX2NmN0FEX0dXLUh6bUZubGFfUzN0!2m2!1d43.275437026492!2d11.984740587897!3f1.5475204593790441!4f-2.263183745413329!5f0.7820865974627469\" width=\"1170\" height=\"600\" frameborder=\"0\" allowfullscreen=\"allowfullscreen\"><span data-mce-type=\"bookmark\" style=\"display: inline-block; width: 0px; overflow: hidden; line-height: 0;\" class=\"mce_SELRES_start\">\ufeff<\/span><\/iframe><\/div>\n<p>\u00a0<\/p>\n","protected":false},"excerpt":{"rendered":"<p>LA BIBLIOTECA \u201cALTA\u201d La Biblioteca settecentesca, che ancora conserva le originali scaffalature dell\u2019epoca, custodisce preziosi volumi di cultura non solo umanistica, ma anche scientifica, religiosa, tecnica e non mancano le risorse dei nuovi indirizzi culturali del Settecento europeo: ne \u00e8 simbolo l\u2019Encyclop\u00e9die, che nella sua versione livornese fu promossa proprio a Cortona da Filippo Venuti, [&hellip;]<\/p>\n","protected":false},"author":9,"featured_media":354,"parent":0,"menu_order":0,"comment_status":"closed","ping_status":"closed","template":"","meta":{"accademia_id":0,"footnotes":""},"class_list":["post-1203","page","type-page","status-publish","has-post-thumbnail","hentry"],"yoast_head":"<!-- This site is optimized with the Yoast SEO plugin v26.3 - https:\/\/yoast.com\/wordpress\/plugins\/seo\/ -->\n<title>Le principali opere conservate al MAEC di Cortona, i pezzi pregiati del Museo<\/title>\n<meta name=\"description\" content=\"Il MAEC costituisce una realt\u00e0 unica nel panorama italiano, una collezione che riunisce i materiali rinvenuti a Cortona dall&#039;Ottocento ad nostri.\" \/>\n<meta name=\"robots\" content=\"index, follow, max-snippet:-1, max-image-preview:large, max-video-preview:-1\" \/>\n<link rel=\"canonical\" href=\"https:\/\/archivio.cortonamaec.org\/it\/virtual-tour\/\" \/>\n<meta property=\"og:locale\" content=\"it_IT\" \/>\n<meta property=\"og:type\" content=\"article\" \/>\n<meta property=\"og:title\" content=\"Le principali opere conservate al MAEC di Cortona, i pezzi pregiati del Museo\" \/>\n<meta property=\"og:description\" content=\"Il MAEC costituisce una realt\u00e0 unica nel panorama italiano, una collezione che riunisce i materiali rinvenuti a Cortona dall&#039;Ottocento ad nostri.\" \/>\n<meta property=\"og:url\" content=\"https:\/\/archivio.cortonamaec.org\/it\/virtual-tour\/\" \/>\n<meta property=\"og:site_name\" content=\"MAEC Cortona\" \/>\n<meta property=\"article:modified_time\" content=\"2020-03-18T07:32:29+00:00\" \/>\n<meta property=\"og:image\" content=\"https:\/\/archivio.cortonamaec.org\/wp-content\/uploads\/2018\/02\/header-opere.jpg\" \/>\n\t<meta property=\"og:image:width\" content=\"1920\" \/>\n\t<meta property=\"og:image:height\" content=\"1080\" \/>\n\t<meta property=\"og:image:type\" content=\"image\/jpeg\" \/>\n<meta name=\"twitter:card\" content=\"summary_large_image\" \/>\n<meta name=\"twitter:label1\" content=\"Tempo di lettura stimato\" \/>\n\t<meta name=\"twitter:data1\" content=\"2 minuti\" \/>\n<script type=\"application\/ld+json\" class=\"yoast-schema-graph\">{\"@context\":\"https:\/\/schema.org\",\"@graph\":[{\"@type\":\"WebPage\",\"@id\":\"https:\/\/archivio.cortonamaec.org\/it\/virtual-tour\/\",\"url\":\"https:\/\/archivio.cortonamaec.org\/it\/virtual-tour\/\",\"name\":\"Le principali opere conservate al MAEC di Cortona, i pezzi pregiati del Museo\",\"isPartOf\":{\"@id\":\"https:\/\/archivio.cortonamaec.org\/it\/#website\"},\"primaryImageOfPage\":{\"@id\":\"https:\/\/archivio.cortonamaec.org\/it\/virtual-tour\/#primaryimage\"},\"image\":{\"@id\":\"https:\/\/archivio.cortonamaec.org\/it\/virtual-tour\/#primaryimage\"},\"thumbnailUrl\":\"https:\/\/archivio.cortonamaec.org\/wp-content\/uploads\/2018\/02\/header-opere.jpg\",\"datePublished\":\"2020-03-17T10:21:20+00:00\",\"dateModified\":\"2020-03-18T07:32:29+00:00\",\"description\":\"Il MAEC costituisce una realt\u00e0 unica nel panorama italiano, una collezione che riunisce i materiali rinvenuti a Cortona dall'Ottocento ad nostri.\",\"breadcrumb\":{\"@id\":\"https:\/\/archivio.cortonamaec.org\/it\/virtual-tour\/#breadcrumb\"},\"inLanguage\":\"it-IT\",\"potentialAction\":[{\"@type\":\"ReadAction\",\"target\":[\"https:\/\/archivio.cortonamaec.org\/it\/virtual-tour\/\"]}]},{\"@type\":\"ImageObject\",\"inLanguage\":\"it-IT\",\"@id\":\"https:\/\/archivio.cortonamaec.org\/it\/virtual-tour\/#primaryimage\",\"url\":\"https:\/\/archivio.cortonamaec.org\/wp-content\/uploads\/2018\/02\/header-opere.jpg\",\"contentUrl\":\"https:\/\/archivio.cortonamaec.org\/wp-content\/uploads\/2018\/02\/header-opere.jpg\",\"width\":1920,\"height\":1080,\"caption\":\"MAEC - le sale del museo\"},{\"@type\":\"BreadcrumbList\",\"@id\":\"https:\/\/archivio.cortonamaec.org\/it\/virtual-tour\/#breadcrumb\",\"itemListElement\":[{\"@type\":\"ListItem\",\"position\":1,\"name\":\"Home\",\"item\":\"https:\/\/archivio.cortonamaec.org\/it\/\"},{\"@type\":\"ListItem\",\"position\":2,\"name\":\"Virtual Tour\"}]},{\"@type\":\"WebSite\",\"@id\":\"https:\/\/archivio.cortonamaec.org\/it\/#website\",\"url\":\"https:\/\/archivio.cortonamaec.org\/it\/\",\"name\":\"MAEC Cortona\",\"description\":\"Museo dell&#039;Accademia Etrusca e della Citt\u00e0 di Cortona\",\"potentialAction\":[{\"@type\":\"SearchAction\",\"target\":{\"@type\":\"EntryPoint\",\"urlTemplate\":\"https:\/\/archivio.cortonamaec.org\/it\/?s={search_term_string}\"},\"query-input\":{\"@type\":\"PropertyValueSpecification\",\"valueRequired\":true,\"valueName\":\"search_term_string\"}}],\"inLanguage\":\"it-IT\"}]}<\/script>\n<!-- \/ Yoast SEO plugin. -->","yoast_head_json":{"title":"Le principali opere conservate al MAEC di Cortona, i pezzi pregiati del Museo","description":"Il MAEC costituisce una realt\u00e0 unica nel panorama italiano, una collezione che riunisce i materiali rinvenuti a Cortona dall'Ottocento ad nostri.","robots":{"index":"index","follow":"follow","max-snippet":"max-snippet:-1","max-image-preview":"max-image-preview:large","max-video-preview":"max-video-preview:-1"},"canonical":"https:\/\/archivio.cortonamaec.org\/it\/virtual-tour\/","og_locale":"it_IT","og_type":"article","og_title":"Le principali opere conservate al MAEC di Cortona, i pezzi pregiati del Museo","og_description":"Il MAEC costituisce una realt\u00e0 unica nel panorama italiano, una collezione che riunisce i materiali rinvenuti a Cortona dall'Ottocento ad nostri.","og_url":"https:\/\/archivio.cortonamaec.org\/it\/virtual-tour\/","og_site_name":"MAEC Cortona","article_modified_time":"2020-03-18T07:32:29+00:00","og_image":[{"width":1920,"height":1080,"url":"https:\/\/archivio.cortonamaec.org\/wp-content\/uploads\/2018\/02\/header-opere.jpg","type":"image\/jpeg"}],"twitter_card":"summary_large_image","twitter_misc":{"Tempo di lettura stimato":"2 minuti"},"schema":{"@context":"https:\/\/schema.org","@graph":[{"@type":"WebPage","@id":"https:\/\/archivio.cortonamaec.org\/it\/virtual-tour\/","url":"https:\/\/archivio.cortonamaec.org\/it\/virtual-tour\/","name":"Le principali opere conservate al MAEC di Cortona, i pezzi pregiati del Museo","isPartOf":{"@id":"https:\/\/archivio.cortonamaec.org\/it\/#website"},"primaryImageOfPage":{"@id":"https:\/\/archivio.cortonamaec.org\/it\/virtual-tour\/#primaryimage"},"image":{"@id":"https:\/\/archivio.cortonamaec.org\/it\/virtual-tour\/#primaryimage"},"thumbnailUrl":"https:\/\/archivio.cortonamaec.org\/wp-content\/uploads\/2018\/02\/header-opere.jpg","datePublished":"2020-03-17T10:21:20+00:00","dateModified":"2020-03-18T07:32:29+00:00","description":"Il MAEC costituisce una realt\u00e0 unica nel panorama italiano, una collezione che riunisce i materiali rinvenuti a Cortona dall'Ottocento ad nostri.","breadcrumb":{"@id":"https:\/\/archivio.cortonamaec.org\/it\/virtual-tour\/#breadcrumb"},"inLanguage":"it-IT","potentialAction":[{"@type":"ReadAction","target":["https:\/\/archivio.cortonamaec.org\/it\/virtual-tour\/"]}]},{"@type":"ImageObject","inLanguage":"it-IT","@id":"https:\/\/archivio.cortonamaec.org\/it\/virtual-tour\/#primaryimage","url":"https:\/\/archivio.cortonamaec.org\/wp-content\/uploads\/2018\/02\/header-opere.jpg","contentUrl":"https:\/\/archivio.cortonamaec.org\/wp-content\/uploads\/2018\/02\/header-opere.jpg","width":1920,"height":1080,"caption":"MAEC - le sale del museo"},{"@type":"BreadcrumbList","@id":"https:\/\/archivio.cortonamaec.org\/it\/virtual-tour\/#breadcrumb","itemListElement":[{"@type":"ListItem","position":1,"name":"Home","item":"https:\/\/archivio.cortonamaec.org\/it\/"},{"@type":"ListItem","position":2,"name":"Virtual Tour"}]},{"@type":"WebSite","@id":"https:\/\/archivio.cortonamaec.org\/it\/#website","url":"https:\/\/archivio.cortonamaec.org\/it\/","name":"MAEC Cortona","description":"Museo dell&#039;Accademia Etrusca e della Citt\u00e0 di Cortona","potentialAction":[{"@type":"SearchAction","target":{"@type":"EntryPoint","urlTemplate":"https:\/\/archivio.cortonamaec.org\/it\/?s={search_term_string}"},"query-input":{"@type":"PropertyValueSpecification","valueRequired":true,"valueName":"search_term_string"}}],"inLanguage":"it-IT"}]}},"acf":[],"_links":{"self":[{"href":"https:\/\/archivio.cortonamaec.org\/it\/wp-json\/wp\/v2\/pages\/1203","targetHints":{"allow":["GET"]}}],"collection":[{"href":"https:\/\/archivio.cortonamaec.org\/it\/wp-json\/wp\/v2\/pages"}],"about":[{"href":"https:\/\/archivio.cortonamaec.org\/it\/wp-json\/wp\/v2\/types\/page"}],"author":[{"embeddable":true,"href":"https:\/\/archivio.cortonamaec.org\/it\/wp-json\/wp\/v2\/users\/9"}],"replies":[{"embeddable":true,"href":"https:\/\/archivio.cortonamaec.org\/it\/wp-json\/wp\/v2\/comments?post=1203"}],"version-history":[{"count":11,"href":"https:\/\/archivio.cortonamaec.org\/it\/wp-json\/wp\/v2\/pages\/1203\/revisions"}],"predecessor-version":[{"id":1218,"href":"https:\/\/archivio.cortonamaec.org\/it\/wp-json\/wp\/v2\/pages\/1203\/revisions\/1218"}],"wp:featuredmedia":[{"embeddable":true,"href":"https:\/\/archivio.cortonamaec.org\/it\/wp-json\/wp\/v2\/media\/354"}],"wp:attachment":[{"href":"https:\/\/archivio.cortonamaec.org\/it\/wp-json\/wp\/v2\/media?parent=1203"}],"curies":[{"name":"wp","href":"https:\/\/api.w.org\/{rel}","templated":true}]}}