{"id":127,"date":"2017-12-13T14:41:37","date_gmt":"2017-12-13T13:41:37","guid":{"rendered":"https:\/\/cortonamaec.org\/?page_id=127"},"modified":"2024-07-16T11:05:56","modified_gmt":"2024-07-16T09:05:56","slug":"accessibilita-museo","status":"publish","type":"page","link":"https:\/\/archivio.cortonamaec.org\/it\/accessibilita-museo\/","title":{"rendered":"Accessibilit\u00e0"},"content":{"rendered":"<p>Il superamento delle barriere architettoniche, cognitive e sensoriali ha rappresentato per il MAEC uno degli obiettivi principali sin dall\u2019apertura del museo. Visita la pagina \u201c<a href=\"https:\/\/cortonamaec.org\/it\/i-percorsi-tattili\/\"><strong>Percorsi tattili<\/strong><\/a>\u201d per scoprire i servizi disponibili per gli ipovedenti e non vedenti.<\/p>\n<p><strong>Parcheggio<\/strong><br>\nPer i visitatori del Museo dell\u2019Accademia Etrusca e della Citt\u00e0 di Cortona con difficolt\u00e0 motorie segnaliamo che sono presenti 2 parcheggi riservati a persone con disabilit\u00e0 in piazza Signorelli, uno in piazza Franciolini e altri due posti nel parcheggio in piazza del Duomo.<\/p>\n<p><strong>Biglietteria<\/strong><br>\nPresso la biglietteria possono essere richieste le informazioni necessarie sull\u2019accesso al Museo da parte di tutte le tipologie di visitatori.<\/p>\n<p><strong>Accesso alle sale<\/strong><br>\nL\u2019accesso al 2\u00b0 piano del MAEC \u00e8 possibile attraverso un ascensore, le sale di tale piano (dalla sala 16 alla 23 e dalla 26 alla 29) sono tutte accessibili; le sale al 1\u00b0 piano (15 sale) e 3\u00b0 piano (sale 24 e 25) piano sono accessibili solo attraverso scale.<br>\nLe sale al 1\u00b0 e 2\u00b0 piano interrato (dalla 1 alla 14) sono accessibili tramite minilift, il cui uso sar\u00e0 agevolato dal personale di biglietteria.<\/p>\n<p><a href=\"https:\/\/cortonamaec.org\/wp-content\/uploads\/2023\/10\/DEPLIANT2023ITA.pdf\">Scarica la brochure del percorso<\/a><\/p>\n<p><strong>Servizi igienici<br>\n<\/strong>Al piano 2\u00b0 interrato \u00e8 disponibile un servizio igienico accessibile anche a persone con disabilit\u00e0.<br>\nAltri servizi igienici sono disponibili al 1\u00b0 piano interrato, dove \u00e8 anche presente un fasciatoio, e al 2\u00b0 piano.<\/p>\n<p><strong>Altri servizi<\/strong><br>\nLungo il percorso museale sono disponibili sedute per i visitatori.<\/p>\n<p>\u00c8 disponibile per i visitatori l\u2019app izi.travel scaricabile gratuitamente per approfondire la visita del Museo e del Parco Arheologico.<\/p>\n<p><a href=\"https:\/\/izi.travel\/it\/b64c-maec-museo-dell-accademia-etrusca-e-della-citta-di-cortona\/it\" target=\"_blank\" rel=\"noopener\">Consulta l\u2019audioguida del MAEC<\/a><\/p>\n<p><a href=\"https:\/\/itunes.apple.com\/app\/opas\/id554726752\" target=\"_blank\" rel=\"noopener\"><img loading=\"lazy\" decoding=\"async\" class=\"alignleft wp-image-141\" title=\"MAEC Cortona | Apple store\" src=\"https:\/\/cortonamaec.org\/wp-content\/uploads\/2017\/12\/apple-store-300x89.png\" alt=\"MAEC Cortona | Apple store\" width=\"150\" height=\"45\"><\/a> <a href=\"https:\/\/play.google.com\/store\/apps\/details?id=travel.opas.client&amp;referrer=content_lang%3Dit%26content_uuid%3Dac3b8c7f-6ef2-4cab-b218-bf7d94c4d55a%26utm_source%3Dizi.travel\" target=\"_blank\" rel=\"noopener\"><img loading=\"lazy\" decoding=\"async\" class=\"alignleft wp-image-142\" title=\"MAEC Cortona | Google Play store\" src=\"https:\/\/cortonamaec.org\/wp-content\/uploads\/2017\/12\/play-store-300x89.png\" alt=\"MAEC Cortona | Google Play store\" width=\"150\" height=\"45\"><\/a> <a href=\"https:\/\/www.microsoft.com\/store\/apps\/9wzdncrdls98?ocid=badge\" target=\"_blank\" rel=\"noopener\"><img loading=\"lazy\" decoding=\"async\" class=\"alignleft wp-image-143\" title=\"MAEC Cortona | Windows store\" src=\"https:\/\/cortonamaec.org\/wp-content\/uploads\/2017\/12\/windows-store-300x89.png\" alt=\"MAEC Cortona | Windows store\" width=\"152\" height=\"45\"><\/a><\/p>\n<p>\u00a0<\/p>\n<div class=\"clearfix\" style=\"padding-bottom: 50px;\">\n<p>\u00a0<\/p>\n<p><strong>Tutto il percorso museale \u00e8 coperto da wi-fi libera: museomaec<\/strong><\/p>\n<p><a class=\"content-attachment\" href=\"https:\/\/cortonamaec.org\/wp-content\/uploads\/2024\/07\/Statuto-Regolamento-MAEC.pdf\" type=\"application\/pdf\">Statuto-Regolamento MAEC<\/a><\/p>\n<p><a class=\"content-attachment\" href=\"https:\/\/cortonamaec.org\/wp-content\/uploads\/2024\/07\/Carta-dei-servizi-sistema-MAEC-Parco_2024.pdf\" type=\"application\/pdf\">Carta dei servizi sistema MAEC-Parco<\/a><\/p>\n<\/div>\n","protected":false},"excerpt":{"rendered":"<p>Il superamento delle barriere architettoniche, cognitive e sensoriali ha rappresentato per il MAEC uno degli obiettivi principali sin dall\u2019apertura del museo. Visita la pagina \u201cPercorsi tattili\u201d per scoprire i servizi disponibili per gli ipovedenti e non vedenti. Parcheggio Per i visitatori del Museo dell\u2019Accademia Etrusca e della Citt\u00e0 di Cortona con difficolt\u00e0 motorie segnaliamo che [&hellip;]<\/p>\n","protected":false},"author":6,"featured_media":2747,"parent":0,"menu_order":0,"comment_status":"closed","ping_status":"closed","template":"","meta":{"accademia_id":0,"footnotes":""},"class_list":["post-127","page","type-page","status-publish","has-post-thumbnail","hentry"],"yoast_head":"<!-- This site is optimized with the Yoast SEO plugin v26.3 - https:\/\/yoast.com\/wordpress\/plugins\/seo\/ -->\n<title>Accessibilt\u00e0 al Museo MAEC di Cortona | Consigli su come arrivare per i diversamente abili<\/title>\n<meta name=\"description\" content=\"Il superamento delle barriere architettoniche \u00e8 stato da sempre un obbiettivo per il MAEC La mobilit\u00e0 all\u2019interno del Museo \u00e8 garantita da ascensori.\" \/>\n<meta name=\"robots\" content=\"index, follow, max-snippet:-1, max-image-preview:large, max-video-preview:-1\" \/>\n<link rel=\"canonical\" href=\"https:\/\/archivio.cortonamaec.org\/it\/accessibilita-museo\/\" \/>\n<meta property=\"og:locale\" content=\"it_IT\" \/>\n<meta property=\"og:type\" content=\"article\" \/>\n<meta property=\"og:title\" content=\"Accessibilt\u00e0 al Museo MAEC di Cortona | Consigli su come arrivare per i diversamente abili\" \/>\n<meta property=\"og:description\" content=\"Il superamento delle barriere architettoniche \u00e8 stato da sempre un obbiettivo per il MAEC La mobilit\u00e0 all\u2019interno del Museo \u00e8 garantita da ascensori.\" \/>\n<meta property=\"og:url\" content=\"https:\/\/archivio.cortonamaec.org\/it\/accessibilita-museo\/\" \/>\n<meta property=\"og:site_name\" content=\"MAEC Cortona\" \/>\n<meta property=\"article:modified_time\" content=\"2024-07-16T09:05:56+00:00\" \/>\n<meta property=\"og:image\" content=\"https:\/\/archivio.cortonamaec.org\/wp-content\/uploads\/2023\/04\/BibliotecaMAEC-1-2.jpg\" \/>\n\t<meta property=\"og:image:width\" content=\"700\" \/>\n\t<meta property=\"og:image:height\" content=\"465\" \/>\n\t<meta property=\"og:image:type\" content=\"image\/jpeg\" \/>\n<meta name=\"twitter:card\" content=\"summary_large_image\" \/>\n<meta name=\"twitter:label1\" content=\"Tempo di lettura stimato\" \/>\n\t<meta name=\"twitter:data1\" content=\"3 minuti\" \/>\n<script type=\"application\/ld+json\" class=\"yoast-schema-graph\">{\"@context\":\"https:\/\/schema.org\",\"@graph\":[{\"@type\":\"WebPage\",\"@id\":\"https:\/\/archivio.cortonamaec.org\/it\/accessibilita-museo\/\",\"url\":\"https:\/\/archivio.cortonamaec.org\/it\/accessibilita-museo\/\",\"name\":\"Accessibilt\u00e0 al Museo MAEC di Cortona | Consigli su come arrivare per i diversamente abili\",\"isPartOf\":{\"@id\":\"https:\/\/archivio.cortonamaec.org\/it\/#website\"},\"primaryImageOfPage\":{\"@id\":\"https:\/\/archivio.cortonamaec.org\/it\/accessibilita-museo\/#primaryimage\"},\"image\":{\"@id\":\"https:\/\/archivio.cortonamaec.org\/it\/accessibilita-museo\/#primaryimage\"},\"thumbnailUrl\":\"https:\/\/archivio.cortonamaec.org\/wp-content\/uploads\/2023\/04\/BibliotecaMAEC-1-2.jpg\",\"datePublished\":\"2017-12-13T13:41:37+00:00\",\"dateModified\":\"2024-07-16T09:05:56+00:00\",\"description\":\"Il superamento delle barriere architettoniche \u00e8 stato da sempre un obbiettivo per il MAEC La mobilit\u00e0 all\u2019interno del Museo \u00e8 garantita da ascensori.\",\"breadcrumb\":{\"@id\":\"https:\/\/archivio.cortonamaec.org\/it\/accessibilita-museo\/#breadcrumb\"},\"inLanguage\":\"it-IT\",\"potentialAction\":[{\"@type\":\"ReadAction\",\"target\":[\"https:\/\/archivio.cortonamaec.org\/it\/accessibilita-museo\/\"]}]},{\"@type\":\"ImageObject\",\"inLanguage\":\"it-IT\",\"@id\":\"https:\/\/archivio.cortonamaec.org\/it\/accessibilita-museo\/#primaryimage\",\"url\":\"https:\/\/archivio.cortonamaec.org\/wp-content\/uploads\/2023\/04\/BibliotecaMAEC-1-2.jpg\",\"contentUrl\":\"https:\/\/archivio.cortonamaec.org\/wp-content\/uploads\/2023\/04\/BibliotecaMAEC-1-2.jpg\",\"width\":700,\"height\":465},{\"@type\":\"BreadcrumbList\",\"@id\":\"https:\/\/archivio.cortonamaec.org\/it\/accessibilita-museo\/#breadcrumb\",\"itemListElement\":[{\"@type\":\"ListItem\",\"position\":1,\"name\":\"Home\",\"item\":\"https:\/\/archivio.cortonamaec.org\/it\/\"},{\"@type\":\"ListItem\",\"position\":2,\"name\":\"Accessibilit\u00e0\"}]},{\"@type\":\"WebSite\",\"@id\":\"https:\/\/archivio.cortonamaec.org\/it\/#website\",\"url\":\"https:\/\/archivio.cortonamaec.org\/it\/\",\"name\":\"MAEC Cortona\",\"description\":\"Museo dell&#039;Accademia Etrusca e della Citt\u00e0 di Cortona\",\"potentialAction\":[{\"@type\":\"SearchAction\",\"target\":{\"@type\":\"EntryPoint\",\"urlTemplate\":\"https:\/\/archivio.cortonamaec.org\/it\/?s={search_term_string}\"},\"query-input\":{\"@type\":\"PropertyValueSpecification\",\"valueRequired\":true,\"valueName\":\"search_term_string\"}}],\"inLanguage\":\"it-IT\"}]}<\/script>\n<!-- \/ Yoast SEO plugin. -->","yoast_head_json":{"title":"Accessibilt\u00e0 al Museo MAEC di Cortona | Consigli su come arrivare per i diversamente abili","description":"Il superamento delle barriere architettoniche \u00e8 stato da sempre un obbiettivo per il MAEC La mobilit\u00e0 all\u2019interno del Museo \u00e8 garantita da ascensori.","robots":{"index":"index","follow":"follow","max-snippet":"max-snippet:-1","max-image-preview":"max-image-preview:large","max-video-preview":"max-video-preview:-1"},"canonical":"https:\/\/archivio.cortonamaec.org\/it\/accessibilita-museo\/","og_locale":"it_IT","og_type":"article","og_title":"Accessibilt\u00e0 al Museo MAEC di Cortona | Consigli su come arrivare per i diversamente abili","og_description":"Il superamento delle barriere architettoniche \u00e8 stato da sempre un obbiettivo per il MAEC La mobilit\u00e0 all\u2019interno del Museo \u00e8 garantita da ascensori.","og_url":"https:\/\/archivio.cortonamaec.org\/it\/accessibilita-museo\/","og_site_name":"MAEC Cortona","article_modified_time":"2024-07-16T09:05:56+00:00","og_image":[{"width":700,"height":465,"url":"https:\/\/archivio.cortonamaec.org\/wp-content\/uploads\/2023\/04\/BibliotecaMAEC-1-2.jpg","type":"image\/jpeg"}],"twitter_card":"summary_large_image","twitter_misc":{"Tempo di lettura stimato":"3 minuti"},"schema":{"@context":"https:\/\/schema.org","@graph":[{"@type":"WebPage","@id":"https:\/\/archivio.cortonamaec.org\/it\/accessibilita-museo\/","url":"https:\/\/archivio.cortonamaec.org\/it\/accessibilita-museo\/","name":"Accessibilt\u00e0 al Museo MAEC di Cortona | Consigli su come arrivare per i diversamente abili","isPartOf":{"@id":"https:\/\/archivio.cortonamaec.org\/it\/#website"},"primaryImageOfPage":{"@id":"https:\/\/archivio.cortonamaec.org\/it\/accessibilita-museo\/#primaryimage"},"image":{"@id":"https:\/\/archivio.cortonamaec.org\/it\/accessibilita-museo\/#primaryimage"},"thumbnailUrl":"https:\/\/archivio.cortonamaec.org\/wp-content\/uploads\/2023\/04\/BibliotecaMAEC-1-2.jpg","datePublished":"2017-12-13T13:41:37+00:00","dateModified":"2024-07-16T09:05:56+00:00","description":"Il superamento delle barriere architettoniche \u00e8 stato da sempre un obbiettivo per il MAEC La mobilit\u00e0 all\u2019interno del Museo \u00e8 garantita da ascensori.","breadcrumb":{"@id":"https:\/\/archivio.cortonamaec.org\/it\/accessibilita-museo\/#breadcrumb"},"inLanguage":"it-IT","potentialAction":[{"@type":"ReadAction","target":["https:\/\/archivio.cortonamaec.org\/it\/accessibilita-museo\/"]}]},{"@type":"ImageObject","inLanguage":"it-IT","@id":"https:\/\/archivio.cortonamaec.org\/it\/accessibilita-museo\/#primaryimage","url":"https:\/\/archivio.cortonamaec.org\/wp-content\/uploads\/2023\/04\/BibliotecaMAEC-1-2.jpg","contentUrl":"https:\/\/archivio.cortonamaec.org\/wp-content\/uploads\/2023\/04\/BibliotecaMAEC-1-2.jpg","width":700,"height":465},{"@type":"BreadcrumbList","@id":"https:\/\/archivio.cortonamaec.org\/it\/accessibilita-museo\/#breadcrumb","itemListElement":[{"@type":"ListItem","position":1,"name":"Home","item":"https:\/\/archivio.cortonamaec.org\/it\/"},{"@type":"ListItem","position":2,"name":"Accessibilit\u00e0"}]},{"@type":"WebSite","@id":"https:\/\/archivio.cortonamaec.org\/it\/#website","url":"https:\/\/archivio.cortonamaec.org\/it\/","name":"MAEC Cortona","description":"Museo dell&#039;Accademia Etrusca e della Citt\u00e0 di Cortona","potentialAction":[{"@type":"SearchAction","target":{"@type":"EntryPoint","urlTemplate":"https:\/\/archivio.cortonamaec.org\/it\/?s={search_term_string}"},"query-input":{"@type":"PropertyValueSpecification","valueRequired":true,"valueName":"search_term_string"}}],"inLanguage":"it-IT"}]}},"acf":[],"_links":{"self":[{"href":"https:\/\/archivio.cortonamaec.org\/it\/wp-json\/wp\/v2\/pages\/127","targetHints":{"allow":["GET"]}}],"collection":[{"href":"https:\/\/archivio.cortonamaec.org\/it\/wp-json\/wp\/v2\/pages"}],"about":[{"href":"https:\/\/archivio.cortonamaec.org\/it\/wp-json\/wp\/v2\/types\/page"}],"author":[{"embeddable":true,"href":"https:\/\/archivio.cortonamaec.org\/it\/wp-json\/wp\/v2\/users\/6"}],"replies":[{"embeddable":true,"href":"https:\/\/archivio.cortonamaec.org\/it\/wp-json\/wp\/v2\/comments?post=127"}],"version-history":[{"count":20,"href":"https:\/\/archivio.cortonamaec.org\/it\/wp-json\/wp\/v2\/pages\/127\/revisions"}],"predecessor-version":[{"id":3624,"href":"https:\/\/archivio.cortonamaec.org\/it\/wp-json\/wp\/v2\/pages\/127\/revisions\/3624"}],"wp:featuredmedia":[{"embeddable":true,"href":"https:\/\/archivio.cortonamaec.org\/it\/wp-json\/wp\/v2\/media\/2747"}],"wp:attachment":[{"href":"https:\/\/archivio.cortonamaec.org\/it\/wp-json\/wp\/v2\/media?parent=127"}],"curies":[{"name":"wp","href":"https:\/\/api.w.org\/{rel}","templated":true}]}}