{"id":183,"date":"2017-12-27T12:53:29","date_gmt":"2017-12-27T11:53:29","guid":{"rendered":"https:\/\/cortonamaec.org\/?page_id=183"},"modified":"2024-11-26T10:57:07","modified_gmt":"2024-11-26T09:57:07","slug":"percorsi-di-visita","status":"publish","type":"page","link":"https:\/\/archivio.cortonamaec.org\/it\/percorsi-di-visita\/","title":{"rendered":"Percorsi di visita"},"content":{"rendered":"<p><a href=\"https:\/\/cortonamaec.org\/wp-content\/uploads\/2017\/12\/IMG_0194-4-3-2011.jpg\"><img loading=\"lazy\" decoding=\"async\" class=\"alignleft wp-image-186\" src=\"https:\/\/cortonamaec.org\/wp-content\/uploads\/2017\/12\/IMG_0194-4-3-2011-197x300.jpg\" alt=\"MAEC Cortona | Busto di Arianna\" width=\"300\" height=\"457\" srcset=\"https:\/\/archivio.cortonamaec.org\/wp-content\/uploads\/2017\/12\/IMG_0194-4-3-2011-197x300.jpg 197w, https:\/\/archivio.cortonamaec.org\/wp-content\/uploads\/2017\/12\/IMG_0194-4-3-2011-768x1170.jpg 768w, https:\/\/archivio.cortonamaec.org\/wp-content\/uploads\/2017\/12\/IMG_0194-4-3-2011-672x1024.jpg 672w, https:\/\/archivio.cortonamaec.org\/wp-content\/uploads\/2017\/12\/IMG_0194-4-3-2011.jpg 1050w\" sizes=\"auto, (max-width: 300px) 100vw, 300px\" \/><\/a><\/p>\n<h2><em>Il Museo<\/em><\/h2>\n<h1>PERCORSO ESPOSITIVO<\/h1>\n<p>La sede del museo \u00e8 a Palazzo Casali, uno degli edifici pi\u00f9 antichi e ricchi di storia della citt\u00e0, dove, in oltre 2000 mq di spazio espositivo, sono esposti alcuni tra i pi\u00f9 straordinari capolavori della civilt\u00e0 etrusca.<\/p>\n<p>Nelle antiche collezioni del Museo dell\u2019Accademia Etrusca, che ripercorrono la storia della fortuna dell\u2019etruscologia a partire dal Settecento e della riscoperta locale dell\u2019Etruria, si segnalano lo straordinario lampadario etrusco, la collezione dei bronzetti, la piccola ma importante sezione egizia, le quadrerie, la splendida biblioteca settecentesca.<\/p>\n<p>Nel Museo della citt\u00e0 etrusca e romana di Cortona, che propone la ricostruzione della realt\u00e0 topografica di lungo periodo della citt\u00e0 e del suo territorio \u2013dalla preistoria al tardo-antico\u2013 spiccano i capolavori della bronzistica dei contesti di Trestina e di Fabrecce, i corredi dei grandi tumuli arcaici della pianura, ricchi di ori, la celebre Tabula Cortonensis, i mosaici policromi della villa romana di Ossaia.<\/p>\n<p>Il nuovo Museo dell\u2019Accademia Etrusca e della Citt\u00e0 di Cortona \u00e8 anche il punto di accoglienza e di informazione per accedere al Parco Archeologico di Cortona con i suoi 11 siti archeologici ubicati nel centro storico (tra i quali ricordiamo le mura e la porta bifora) e nel territorio (in particolare i tumuli del Sodo, la tanella Angori e la tanella di Pitagora).<\/p>\n","protected":false},"excerpt":{"rendered":"<p>Il Museo PERCORSO ESPOSITIVO La sede del museo \u00e8 a Palazzo Casali, uno degli edifici pi\u00f9 antichi e ricchi di storia della citt\u00e0, dove, in oltre 2000 mq di spazio espositivo, sono esposti alcuni tra i pi\u00f9 straordinari capolavori della civilt\u00e0 etrusca. Nelle antiche collezioni del Museo dell\u2019Accademia Etrusca, che ripercorrono la storia della fortuna [&hellip;]<\/p>\n","protected":false},"author":6,"featured_media":188,"parent":0,"menu_order":0,"comment_status":"closed","ping_status":"closed","template":"","meta":{"accademia_id":0,"footnotes":""},"class_list":["post-183","page","type-page","status-publish","has-post-thumbnail","hentry"],"yoast_head":"<!-- This site is optimized with the Yoast SEO plugin v26.3 - https:\/\/yoast.com\/wordpress\/plugins\/seo\/ -->\n<title>MAEC Cortona, oltre 2.000 di esposizione e il Parco Archeologico di Cortona<\/title>\n<meta name=\"description\" content=\"A Palazzo Casali, uno dei pi\u00f9 antichi di Cortona, in un vasto spazio espositivo sono esposti alcuni tra i pi\u00f9 straordinari capolavori della civilt\u00e0 etrusca.\" \/>\n<meta name=\"robots\" content=\"index, follow, max-snippet:-1, max-image-preview:large, max-video-preview:-1\" \/>\n<link rel=\"canonical\" href=\"https:\/\/archivio.cortonamaec.org\/it\/percorsi-di-visita\/\" \/>\n<meta property=\"og:locale\" content=\"it_IT\" \/>\n<meta property=\"og:type\" content=\"article\" \/>\n<meta property=\"og:title\" content=\"MAEC Cortona, oltre 2.000 di esposizione e il Parco Archeologico di Cortona\" \/>\n<meta property=\"og:description\" content=\"A Palazzo Casali, uno dei pi\u00f9 antichi di Cortona, in un vasto spazio espositivo sono esposti alcuni tra i pi\u00f9 straordinari capolavori della civilt\u00e0 etrusca.\" \/>\n<meta property=\"og:url\" content=\"https:\/\/archivio.cortonamaec.org\/it\/percorsi-di-visita\/\" \/>\n<meta property=\"og:site_name\" content=\"MAEC Cortona\" \/>\n<meta property=\"article:modified_time\" content=\"2024-11-26T09:57:07+00:00\" \/>\n<meta property=\"og:image\" content=\"https:\/\/archivio.cortonamaec.org\/wp-content\/uploads\/2017\/12\/header-percorsi.jpg\" \/>\n\t<meta property=\"og:image:width\" content=\"1920\" \/>\n\t<meta property=\"og:image:height\" content=\"800\" \/>\n\t<meta property=\"og:image:type\" content=\"image\/jpeg\" \/>\n<meta name=\"twitter:card\" content=\"summary_large_image\" \/>\n<meta name=\"twitter:label1\" content=\"Tempo di lettura stimato\" \/>\n\t<meta name=\"twitter:data1\" content=\"2 minuti\" \/>\n<script type=\"application\/ld+json\" class=\"yoast-schema-graph\">{\"@context\":\"https:\/\/schema.org\",\"@graph\":[{\"@type\":\"WebPage\",\"@id\":\"https:\/\/archivio.cortonamaec.org\/it\/percorsi-di-visita\/\",\"url\":\"https:\/\/archivio.cortonamaec.org\/it\/percorsi-di-visita\/\",\"name\":\"MAEC Cortona, oltre 2.000 di esposizione e il Parco Archeologico di Cortona\",\"isPartOf\":{\"@id\":\"https:\/\/archivio.cortonamaec.org\/it\/#website\"},\"primaryImageOfPage\":{\"@id\":\"https:\/\/archivio.cortonamaec.org\/it\/percorsi-di-visita\/#primaryimage\"},\"image\":{\"@id\":\"https:\/\/archivio.cortonamaec.org\/it\/percorsi-di-visita\/#primaryimage\"},\"thumbnailUrl\":\"https:\/\/archivio.cortonamaec.org\/wp-content\/uploads\/2017\/12\/header-percorsi.jpg\",\"datePublished\":\"2017-12-27T11:53:29+00:00\",\"dateModified\":\"2024-11-26T09:57:07+00:00\",\"description\":\"A Palazzo Casali, uno dei pi\u00f9 antichi di Cortona, in un vasto spazio espositivo sono esposti alcuni tra i pi\u00f9 straordinari capolavori della civilt\u00e0 etrusca.\",\"breadcrumb\":{\"@id\":\"https:\/\/archivio.cortonamaec.org\/it\/percorsi-di-visita\/#breadcrumb\"},\"inLanguage\":\"it-IT\",\"potentialAction\":[{\"@type\":\"ReadAction\",\"target\":[\"https:\/\/archivio.cortonamaec.org\/it\/percorsi-di-visita\/\"]}]},{\"@type\":\"ImageObject\",\"inLanguage\":\"it-IT\",\"@id\":\"https:\/\/archivio.cortonamaec.org\/it\/percorsi-di-visita\/#primaryimage\",\"url\":\"https:\/\/archivio.cortonamaec.org\/wp-content\/uploads\/2017\/12\/header-percorsi.jpg\",\"contentUrl\":\"https:\/\/archivio.cortonamaec.org\/wp-content\/uploads\/2017\/12\/header-percorsi.jpg\",\"width\":1920,\"height\":800,\"caption\":\"MAEC Cortona\"},{\"@type\":\"BreadcrumbList\",\"@id\":\"https:\/\/archivio.cortonamaec.org\/it\/percorsi-di-visita\/#breadcrumb\",\"itemListElement\":[{\"@type\":\"ListItem\",\"position\":1,\"name\":\"Home\",\"item\":\"https:\/\/archivio.cortonamaec.org\/it\/\"},{\"@type\":\"ListItem\",\"position\":2,\"name\":\"Percorsi di visita\"}]},{\"@type\":\"WebSite\",\"@id\":\"https:\/\/archivio.cortonamaec.org\/it\/#website\",\"url\":\"https:\/\/archivio.cortonamaec.org\/it\/\",\"name\":\"MAEC Cortona\",\"description\":\"Museo dell&#039;Accademia Etrusca e della Citt\u00e0 di Cortona\",\"potentialAction\":[{\"@type\":\"SearchAction\",\"target\":{\"@type\":\"EntryPoint\",\"urlTemplate\":\"https:\/\/archivio.cortonamaec.org\/it\/?s={search_term_string}\"},\"query-input\":{\"@type\":\"PropertyValueSpecification\",\"valueRequired\":true,\"valueName\":\"search_term_string\"}}],\"inLanguage\":\"it-IT\"}]}<\/script>\n<!-- \/ Yoast SEO plugin. -->","yoast_head_json":{"title":"MAEC Cortona, oltre 2.000 di esposizione e il Parco Archeologico di Cortona","description":"A Palazzo Casali, uno dei pi\u00f9 antichi di Cortona, in un vasto spazio espositivo sono esposti alcuni tra i pi\u00f9 straordinari capolavori della civilt\u00e0 etrusca.","robots":{"index":"index","follow":"follow","max-snippet":"max-snippet:-1","max-image-preview":"max-image-preview:large","max-video-preview":"max-video-preview:-1"},"canonical":"https:\/\/archivio.cortonamaec.org\/it\/percorsi-di-visita\/","og_locale":"it_IT","og_type":"article","og_title":"MAEC Cortona, oltre 2.000 di esposizione e il Parco Archeologico di Cortona","og_description":"A Palazzo Casali, uno dei pi\u00f9 antichi di Cortona, in un vasto spazio espositivo sono esposti alcuni tra i pi\u00f9 straordinari capolavori della civilt\u00e0 etrusca.","og_url":"https:\/\/archivio.cortonamaec.org\/it\/percorsi-di-visita\/","og_site_name":"MAEC Cortona","article_modified_time":"2024-11-26T09:57:07+00:00","og_image":[{"width":1920,"height":800,"url":"https:\/\/archivio.cortonamaec.org\/wp-content\/uploads\/2017\/12\/header-percorsi.jpg","type":"image\/jpeg"}],"twitter_card":"summary_large_image","twitter_misc":{"Tempo di lettura stimato":"2 minuti"},"schema":{"@context":"https:\/\/schema.org","@graph":[{"@type":"WebPage","@id":"https:\/\/archivio.cortonamaec.org\/it\/percorsi-di-visita\/","url":"https:\/\/archivio.cortonamaec.org\/it\/percorsi-di-visita\/","name":"MAEC Cortona, oltre 2.000 di esposizione e il Parco Archeologico di Cortona","isPartOf":{"@id":"https:\/\/archivio.cortonamaec.org\/it\/#website"},"primaryImageOfPage":{"@id":"https:\/\/archivio.cortonamaec.org\/it\/percorsi-di-visita\/#primaryimage"},"image":{"@id":"https:\/\/archivio.cortonamaec.org\/it\/percorsi-di-visita\/#primaryimage"},"thumbnailUrl":"https:\/\/archivio.cortonamaec.org\/wp-content\/uploads\/2017\/12\/header-percorsi.jpg","datePublished":"2017-12-27T11:53:29+00:00","dateModified":"2024-11-26T09:57:07+00:00","description":"A Palazzo Casali, uno dei pi\u00f9 antichi di Cortona, in un vasto spazio espositivo sono esposti alcuni tra i pi\u00f9 straordinari capolavori della civilt\u00e0 etrusca.","breadcrumb":{"@id":"https:\/\/archivio.cortonamaec.org\/it\/percorsi-di-visita\/#breadcrumb"},"inLanguage":"it-IT","potentialAction":[{"@type":"ReadAction","target":["https:\/\/archivio.cortonamaec.org\/it\/percorsi-di-visita\/"]}]},{"@type":"ImageObject","inLanguage":"it-IT","@id":"https:\/\/archivio.cortonamaec.org\/it\/percorsi-di-visita\/#primaryimage","url":"https:\/\/archivio.cortonamaec.org\/wp-content\/uploads\/2017\/12\/header-percorsi.jpg","contentUrl":"https:\/\/archivio.cortonamaec.org\/wp-content\/uploads\/2017\/12\/header-percorsi.jpg","width":1920,"height":800,"caption":"MAEC Cortona"},{"@type":"BreadcrumbList","@id":"https:\/\/archivio.cortonamaec.org\/it\/percorsi-di-visita\/#breadcrumb","itemListElement":[{"@type":"ListItem","position":1,"name":"Home","item":"https:\/\/archivio.cortonamaec.org\/it\/"},{"@type":"ListItem","position":2,"name":"Percorsi di visita"}]},{"@type":"WebSite","@id":"https:\/\/archivio.cortonamaec.org\/it\/#website","url":"https:\/\/archivio.cortonamaec.org\/it\/","name":"MAEC Cortona","description":"Museo dell&#039;Accademia Etrusca e della Citt\u00e0 di Cortona","potentialAction":[{"@type":"SearchAction","target":{"@type":"EntryPoint","urlTemplate":"https:\/\/archivio.cortonamaec.org\/it\/?s={search_term_string}"},"query-input":{"@type":"PropertyValueSpecification","valueRequired":true,"valueName":"search_term_string"}}],"inLanguage":"it-IT"}]}},"acf":[],"_links":{"self":[{"href":"https:\/\/archivio.cortonamaec.org\/it\/wp-json\/wp\/v2\/pages\/183","targetHints":{"allow":["GET"]}}],"collection":[{"href":"https:\/\/archivio.cortonamaec.org\/it\/wp-json\/wp\/v2\/pages"}],"about":[{"href":"https:\/\/archivio.cortonamaec.org\/it\/wp-json\/wp\/v2\/types\/page"}],"author":[{"embeddable":true,"href":"https:\/\/archivio.cortonamaec.org\/it\/wp-json\/wp\/v2\/users\/6"}],"replies":[{"embeddable":true,"href":"https:\/\/archivio.cortonamaec.org\/it\/wp-json\/wp\/v2\/comments?post=183"}],"version-history":[{"count":22,"href":"https:\/\/archivio.cortonamaec.org\/it\/wp-json\/wp\/v2\/pages\/183\/revisions"}],"predecessor-version":[{"id":3806,"href":"https:\/\/archivio.cortonamaec.org\/it\/wp-json\/wp\/v2\/pages\/183\/revisions\/3806"}],"wp:featuredmedia":[{"embeddable":true,"href":"https:\/\/archivio.cortonamaec.org\/it\/wp-json\/wp\/v2\/media\/188"}],"wp:attachment":[{"href":"https:\/\/archivio.cortonamaec.org\/it\/wp-json\/wp\/v2\/media?parent=183"}],"curies":[{"name":"wp","href":"https:\/\/api.w.org\/{rel}","templated":true}]}}