{"id":204,"date":"2017-12-27T15:17:02","date_gmt":"2017-12-27T14:17:02","guid":{"rendered":"https:\/\/cortonamaec.org\/?page_id=204"},"modified":"2017-12-27T15:36:10","modified_gmt":"2017-12-27T14:36:10","slug":"la-storia","status":"publish","type":"page","link":"https:\/\/archivio.cortonamaec.org\/it\/la-storia\/","title":{"rendered":"La storia"},"content":{"rendered":"<h2><em>La donazione e la prima sede<\/em><\/h2>\n<h1>ONOFRIO BALDELLI e GIANGASTONE DE\u2019 MEDICI<\/h1>\n<p>L\u2019atto di nascita del museo corrisponde all\u2019anno 1727, quando l\u2019abate Onofrio Baldelli don\u00f2 il suo museo e la sua \u00ablibreria\u00bb all\u2019istituzione, promossa dai nipoti, Marcello, Filippo e Ridolfino Venuti, che si erano riuniti con altri nobili cortonesi per \u00aberigere una societ\u00e0, o sia accademia di scienze et erudizioni\u00bb.<br>\nLa sede all\u2019ultimo piano di palazzo Casali fu concessa dal Granduca di Toscana Giangastone de\u2019 Medici; in essa, dopo una lunga serie di lavori di restauro e di adattamento protrattisi fino al 1753, furono collocati sia la biblioteca sia il museo, uniti dalla comune funzione di promozione culturale che era lo scopo stesso dell\u2019Accademia.<\/p>\n<p>Al nucleo iniziale, costituito dalla collezione Baldelli, si aggiunsero nel corso del XVIII secolo molti altri pezzi, soprattutto archeologici, donati dai singoli soci o dai Lucumoni che presiedevano l\u2019attivit\u00e0 dell\u2019Accademia;<br>\nessi inoltre erano tenuti, per tradizione, ad offrire un loro ritratto, la cui raccolta costituisce un importante documento di vita accademica;<br>\nprezioso e singolare \u00e8 il dono fatto dal Lucumone Carlo Ginori nel 1756 del tempietto in porcellana dedicato alle glorie della Toscana.<\/p>\n<p>\u00a0<\/p>\n<p><a href=\"https:\/\/cortonamaec.org\/wp-content\/uploads\/2017\/12\/Layer-9.jpg\"><img loading=\"lazy\" decoding=\"async\" class=\"alignleft wp-image-161\" src=\"https:\/\/cortonamaec.org\/wp-content\/uploads\/2017\/12\/Layer-9-197x300.jpg\" alt=\"MAEC Cortona | Sala della biblioteca\" width=\"300\" height=\"457\" srcset=\"https:\/\/archivio.cortonamaec.org\/wp-content\/uploads\/2017\/12\/Layer-9-197x300.jpg 197w, https:\/\/archivio.cortonamaec.org\/wp-content\/uploads\/2017\/12\/Layer-9-768x1170.jpg 768w, https:\/\/archivio.cortonamaec.org\/wp-content\/uploads\/2017\/12\/Layer-9-672x1024.jpg 672w, https:\/\/archivio.cortonamaec.org\/wp-content\/uploads\/2017\/12\/Layer-9.jpg 1050w\" sizes=\"auto, (max-width: 300px) 100vw, 300px\" \/><\/a><\/p>\n<h2><em>Accademia Etrusca<\/em><\/h2>\n<h1>UNA FAMA CHE VARCA I CONFINI<\/h1>\n<p>L\u2019attivit\u00e0 collezionistica fu cos\u00ec vivace che ad essa dettero la loro entusiasta adesione alcuni fra i maggiori studiosi italiani, francesi, inglesi e tedeschi: fu cos\u00ec che il nome dell\u2019Accademia Etrusca divenne famoso anche e soprattutto fuori dei confini nazionali.<br>\nDopo l\u2019unit\u00e0 nazionale, la vita dell\u2019Accademia, a partire dal 1874, si \u00e8 identificata con quella del suo bibliotecario e conservatore del museo e poi Lucumone Girolamo Mancini; interessato soprattutto ad un\u2019intensa attivit\u00e0 nel campo bibliografico, non manc\u00f2 di occuparsi del museo che in quel periodo si arricch\u00ec notevolmente: alla fine del secolo fu acquisito il lascito di mons. Guido Corbelli, Vescovo di Cortona, che come delegato apostolico per l\u2019Arabia e l\u2019Egitto aveva raccolto una grande quantit\u00e0 di oggetti: tutto egli volle donare al museo della sua citt\u00e0, che pot\u00e9 cos\u00ec ottenere una raccolta di antichit\u00e0 egiziane fra le principali d\u2019Italia.<\/p>\n<p>Le vicende che si sono accavallate fra l\u2019inizio del Novecento e la fine della seconda guerra mondiale ebbero solo in parte riflessi negativi sul Museo, che peraltro arricch\u00ec notevolmente le sue raccolte, soprattutto con l\u2019acquisizione dell\u2019intera collezione Tommasi-Baldelli; alla fine degli anni Quaranta il Museo fu definitivamente ampliato, occupando tutto il piano nobile di palazzo Casali con rinnovati e moderni criteri espositivi e di pubblica fruizione; in epoca ancor pi\u00f9 recente, il museo si \u00e8 ulteriormente arricchito con una preziosa raccolta di opere di uno dei promotori del movimento futurista, Gino Severini, cortonese, che volle lasciare alla sua citt\u00e0 natale un segno della sua grandezza.<\/p>\n<h2><em>Il Museo cambia Aspetto<\/em><\/h2>\n<h1>I RITROVAMENTI DEL MELONE DEL SODO<\/h1>\n<p>Un\u2019ulteriore tappa del lungo processo di arricchimento delle collezioni museali \u00e8 della primavera del 1995, nel momento in cui la Soprintendenza Archeologica per la Toscana ha depositato nelle sale dell\u2019Accademia, restaurate per l\u2019occasione, i reperti provenienti dalla tomba etrusca il \u201cMelone secondo del Sodo\u201d. Ci\u00f2 port\u00f2 ad una ulteriore ampia trasformazione del Museo, che ne ha profondamente mutato l\u2019aspetto e arricchito il contenuto.<\/p>\n<p>Cos\u00ec nel 2005 il vecchio Museo \u00e8 divenuto \u201cMAEC-Museo dell\u2019Accademia Etrusca e della Citt\u00e0 di Cortona\u201d, un organismo che fino dalle prime settimane della sua riapertura ha riscosso un grande successo, e che restituisce a Cortona il prestigio \u2013 mai sopito peraltro \u2013 di un centro di grande importanza e in continuo divenire, centrale nella offerta culturale della citt\u00e0.<\/p>\n","protected":false},"excerpt":{"rendered":"<p>La donazione e la prima sede ONOFRIO BALDELLI e GIANGASTONE DE\u2019 MEDICI L\u2019atto di nascita del museo corrisponde all\u2019anno 1727, quando l\u2019abate Onofrio Baldelli don\u00f2 il suo museo e la sua \u00ablibreria\u00bb all\u2019istituzione, promossa dai nipoti, Marcello, Filippo e Ridolfino Venuti, che si erano riuniti con altri nobili cortonesi per \u00aberigere una societ\u00e0, o sia [&hellip;]<\/p>\n","protected":false},"author":6,"featured_media":258,"parent":0,"menu_order":0,"comment_status":"closed","ping_status":"closed","template":"","meta":{"accademia_id":0,"footnotes":""},"class_list":["post-204","page","type-page","status-publish","has-post-thumbnail","hentry"],"yoast_head":"<!-- This site is optimized with the Yoast SEO plugin v26.3 - https:\/\/yoast.com\/wordpress\/plugins\/seo\/ -->\n<title>Storia del Maec dalla nascita del Museo dell\u2019Accademia Etrusca 1827 ad oggi<\/title>\n<meta name=\"description\" content=\"Il MAEC nasce dalla donazione del suo museo e della sua libreria da parte dell\u2019abate Onofrio Baldelli ai nipoti Marcello, Filippo e Ridolfino Venuti.\" \/>\n<meta name=\"robots\" content=\"index, follow, max-snippet:-1, max-image-preview:large, max-video-preview:-1\" \/>\n<link rel=\"canonical\" href=\"https:\/\/archivio.cortonamaec.org\/it\/la-storia\/\" \/>\n<meta property=\"og:locale\" content=\"it_IT\" \/>\n<meta property=\"og:type\" content=\"article\" \/>\n<meta property=\"og:title\" content=\"Storia del Maec dalla nascita del Museo dell\u2019Accademia Etrusca 1827 ad oggi\" \/>\n<meta property=\"og:description\" content=\"Il MAEC nasce dalla donazione del suo museo e della sua libreria da parte dell\u2019abate Onofrio Baldelli ai nipoti Marcello, Filippo e Ridolfino Venuti.\" \/>\n<meta property=\"og:url\" content=\"https:\/\/archivio.cortonamaec.org\/it\/la-storia\/\" \/>\n<meta property=\"og:site_name\" content=\"MAEC Cortona\" \/>\n<meta property=\"article:modified_time\" content=\"2017-12-27T14:36:10+00:00\" \/>\n<meta property=\"og:image\" content=\"https:\/\/archivio.cortonamaec.org\/wp-content\/uploads\/2017\/12\/header-storia.jpg\" \/>\n\t<meta property=\"og:image:width\" content=\"1920\" \/>\n\t<meta property=\"og:image:height\" content=\"800\" \/>\n\t<meta property=\"og:image:type\" content=\"image\/jpeg\" \/>\n<meta name=\"twitter:card\" content=\"summary_large_image\" \/>\n<meta name=\"twitter:label1\" content=\"Tempo di lettura stimato\" \/>\n\t<meta name=\"twitter:data1\" content=\"3 minuti\" \/>\n<script type=\"application\/ld+json\" class=\"yoast-schema-graph\">{\"@context\":\"https:\/\/schema.org\",\"@graph\":[{\"@type\":\"WebPage\",\"@id\":\"https:\/\/archivio.cortonamaec.org\/it\/la-storia\/\",\"url\":\"https:\/\/archivio.cortonamaec.org\/it\/la-storia\/\",\"name\":\"Storia del Maec dalla nascita del Museo dell\u2019Accademia Etrusca 1827 ad oggi\",\"isPartOf\":{\"@id\":\"https:\/\/archivio.cortonamaec.org\/it\/#website\"},\"primaryImageOfPage\":{\"@id\":\"https:\/\/archivio.cortonamaec.org\/it\/la-storia\/#primaryimage\"},\"image\":{\"@id\":\"https:\/\/archivio.cortonamaec.org\/it\/la-storia\/#primaryimage\"},\"thumbnailUrl\":\"https:\/\/archivio.cortonamaec.org\/wp-content\/uploads\/2017\/12\/header-storia.jpg\",\"datePublished\":\"2017-12-27T14:17:02+00:00\",\"dateModified\":\"2017-12-27T14:36:10+00:00\",\"description\":\"Il MAEC nasce dalla donazione del suo museo e della sua libreria da parte dell\u2019abate Onofrio Baldelli ai nipoti Marcello, Filippo e Ridolfino Venuti.\",\"breadcrumb\":{\"@id\":\"https:\/\/archivio.cortonamaec.org\/it\/la-storia\/#breadcrumb\"},\"inLanguage\":\"it-IT\",\"potentialAction\":[{\"@type\":\"ReadAction\",\"target\":[\"https:\/\/archivio.cortonamaec.org\/it\/la-storia\/\"]}]},{\"@type\":\"ImageObject\",\"inLanguage\":\"it-IT\",\"@id\":\"https:\/\/archivio.cortonamaec.org\/it\/la-storia\/#primaryimage\",\"url\":\"https:\/\/archivio.cortonamaec.org\/wp-content\/uploads\/2017\/12\/header-storia.jpg\",\"contentUrl\":\"https:\/\/archivio.cortonamaec.org\/wp-content\/uploads\/2017\/12\/header-storia.jpg\",\"width\":1920,\"height\":800,\"caption\":\"Inaugurazione MAEC\"},{\"@type\":\"BreadcrumbList\",\"@id\":\"https:\/\/archivio.cortonamaec.org\/it\/la-storia\/#breadcrumb\",\"itemListElement\":[{\"@type\":\"ListItem\",\"position\":1,\"name\":\"Home\",\"item\":\"https:\/\/archivio.cortonamaec.org\/it\/\"},{\"@type\":\"ListItem\",\"position\":2,\"name\":\"La storia\"}]},{\"@type\":\"WebSite\",\"@id\":\"https:\/\/archivio.cortonamaec.org\/it\/#website\",\"url\":\"https:\/\/archivio.cortonamaec.org\/it\/\",\"name\":\"MAEC Cortona\",\"description\":\"Museo dell&#039;Accademia Etrusca e della Citt\u00e0 di Cortona\",\"potentialAction\":[{\"@type\":\"SearchAction\",\"target\":{\"@type\":\"EntryPoint\",\"urlTemplate\":\"https:\/\/archivio.cortonamaec.org\/it\/?s={search_term_string}\"},\"query-input\":{\"@type\":\"PropertyValueSpecification\",\"valueRequired\":true,\"valueName\":\"search_term_string\"}}],\"inLanguage\":\"it-IT\"}]}<\/script>\n<!-- \/ Yoast SEO plugin. -->","yoast_head_json":{"title":"Storia del Maec dalla nascita del Museo dell\u2019Accademia Etrusca 1827 ad oggi","description":"Il MAEC nasce dalla donazione del suo museo e della sua libreria da parte dell\u2019abate Onofrio Baldelli ai nipoti Marcello, Filippo e Ridolfino Venuti.","robots":{"index":"index","follow":"follow","max-snippet":"max-snippet:-1","max-image-preview":"max-image-preview:large","max-video-preview":"max-video-preview:-1"},"canonical":"https:\/\/archivio.cortonamaec.org\/it\/la-storia\/","og_locale":"it_IT","og_type":"article","og_title":"Storia del Maec dalla nascita del Museo dell\u2019Accademia Etrusca 1827 ad oggi","og_description":"Il MAEC nasce dalla donazione del suo museo e della sua libreria da parte dell\u2019abate Onofrio Baldelli ai nipoti Marcello, Filippo e Ridolfino Venuti.","og_url":"https:\/\/archivio.cortonamaec.org\/it\/la-storia\/","og_site_name":"MAEC Cortona","article_modified_time":"2017-12-27T14:36:10+00:00","og_image":[{"width":1920,"height":800,"url":"https:\/\/archivio.cortonamaec.org\/wp-content\/uploads\/2017\/12\/header-storia.jpg","type":"image\/jpeg"}],"twitter_card":"summary_large_image","twitter_misc":{"Tempo di lettura stimato":"3 minuti"},"schema":{"@context":"https:\/\/schema.org","@graph":[{"@type":"WebPage","@id":"https:\/\/archivio.cortonamaec.org\/it\/la-storia\/","url":"https:\/\/archivio.cortonamaec.org\/it\/la-storia\/","name":"Storia del Maec dalla nascita del Museo dell\u2019Accademia Etrusca 1827 ad oggi","isPartOf":{"@id":"https:\/\/archivio.cortonamaec.org\/it\/#website"},"primaryImageOfPage":{"@id":"https:\/\/archivio.cortonamaec.org\/it\/la-storia\/#primaryimage"},"image":{"@id":"https:\/\/archivio.cortonamaec.org\/it\/la-storia\/#primaryimage"},"thumbnailUrl":"https:\/\/archivio.cortonamaec.org\/wp-content\/uploads\/2017\/12\/header-storia.jpg","datePublished":"2017-12-27T14:17:02+00:00","dateModified":"2017-12-27T14:36:10+00:00","description":"Il MAEC nasce dalla donazione del suo museo e della sua libreria da parte dell\u2019abate Onofrio Baldelli ai nipoti Marcello, Filippo e Ridolfino Venuti.","breadcrumb":{"@id":"https:\/\/archivio.cortonamaec.org\/it\/la-storia\/#breadcrumb"},"inLanguage":"it-IT","potentialAction":[{"@type":"ReadAction","target":["https:\/\/archivio.cortonamaec.org\/it\/la-storia\/"]}]},{"@type":"ImageObject","inLanguage":"it-IT","@id":"https:\/\/archivio.cortonamaec.org\/it\/la-storia\/#primaryimage","url":"https:\/\/archivio.cortonamaec.org\/wp-content\/uploads\/2017\/12\/header-storia.jpg","contentUrl":"https:\/\/archivio.cortonamaec.org\/wp-content\/uploads\/2017\/12\/header-storia.jpg","width":1920,"height":800,"caption":"Inaugurazione MAEC"},{"@type":"BreadcrumbList","@id":"https:\/\/archivio.cortonamaec.org\/it\/la-storia\/#breadcrumb","itemListElement":[{"@type":"ListItem","position":1,"name":"Home","item":"https:\/\/archivio.cortonamaec.org\/it\/"},{"@type":"ListItem","position":2,"name":"La storia"}]},{"@type":"WebSite","@id":"https:\/\/archivio.cortonamaec.org\/it\/#website","url":"https:\/\/archivio.cortonamaec.org\/it\/","name":"MAEC Cortona","description":"Museo dell&#039;Accademia Etrusca e della Citt\u00e0 di Cortona","potentialAction":[{"@type":"SearchAction","target":{"@type":"EntryPoint","urlTemplate":"https:\/\/archivio.cortonamaec.org\/it\/?s={search_term_string}"},"query-input":{"@type":"PropertyValueSpecification","valueRequired":true,"valueName":"search_term_string"}}],"inLanguage":"it-IT"}]}},"acf":[],"_links":{"self":[{"href":"https:\/\/archivio.cortonamaec.org\/it\/wp-json\/wp\/v2\/pages\/204","targetHints":{"allow":["GET"]}}],"collection":[{"href":"https:\/\/archivio.cortonamaec.org\/it\/wp-json\/wp\/v2\/pages"}],"about":[{"href":"https:\/\/archivio.cortonamaec.org\/it\/wp-json\/wp\/v2\/types\/page"}],"author":[{"embeddable":true,"href":"https:\/\/archivio.cortonamaec.org\/it\/wp-json\/wp\/v2\/users\/6"}],"replies":[{"embeddable":true,"href":"https:\/\/archivio.cortonamaec.org\/it\/wp-json\/wp\/v2\/comments?post=204"}],"version-history":[{"count":7,"href":"https:\/\/archivio.cortonamaec.org\/it\/wp-json\/wp\/v2\/pages\/204\/revisions"}],"predecessor-version":[{"id":252,"href":"https:\/\/archivio.cortonamaec.org\/it\/wp-json\/wp\/v2\/pages\/204\/revisions\/252"}],"wp:featuredmedia":[{"embeddable":true,"href":"https:\/\/archivio.cortonamaec.org\/it\/wp-json\/wp\/v2\/media\/258"}],"wp:attachment":[{"href":"https:\/\/archivio.cortonamaec.org\/it\/wp-json\/wp\/v2\/media?parent=204"}],"curies":[{"name":"wp","href":"https:\/\/api.w.org\/{rel}","templated":true}]}}