{"id":2056,"date":"2022-02-04T10:59:04","date_gmt":"2022-02-04T09:59:04","guid":{"rendered":"https:\/\/cortonamaec.org\/?page_id=2056"},"modified":"2023-10-18T13:03:33","modified_gmt":"2023-10-18T11:03:33","slug":"audioguide-e-visite-guidate","status":"publish","type":"page","link":"https:\/\/archivio.cortonamaec.org\/it\/audioguide-e-visite-guidate\/","title":{"rendered":"Audioguide e visite guidate"},"content":{"rendered":"<h2><em>izi.Travel<\/em><\/h2>\n<h1>LE AUDIOGUIDE DEL MUSEO<\/h1>\n<p><a href=\"https:\/\/cortonamaec.org\/wp-content\/uploads\/2018\/02\/logo-audioguida.png\"><img loading=\"lazy\" decoding=\"async\" class=\"alignleft size-medium wp-image-395\" src=\"https:\/\/cortonamaec.org\/wp-content\/uploads\/2018\/02\/logo-audioguida-300x300.png\" alt=\"Audio guida izi-travel\" width=\"300\" height=\"300\" srcset=\"https:\/\/archivio.cortonamaec.org\/wp-content\/uploads\/2018\/02\/logo-audioguida-300x300.png 300w, https:\/\/archivio.cortonamaec.org\/wp-content\/uploads\/2018\/02\/logo-audioguida-150x150.png 150w, https:\/\/archivio.cortonamaec.org\/wp-content\/uploads\/2018\/02\/logo-audioguida-768x768.png 768w, https:\/\/archivio.cortonamaec.org\/wp-content\/uploads\/2018\/02\/logo-audioguida-1024x1024.png 1024w, https:\/\/archivio.cortonamaec.org\/wp-content\/uploads\/2018\/02\/logo-audioguida.png 1600w\" sizes=\"auto, (max-width: 300px) 100vw, 300px\" \/><\/a>\u00c8 disponibile gratuitamente l\u2019audio-guida le MAEC da scaricare facilmente sul proprio PC o smartphone. Scarica l\u2019app izi.TRAVEL e cerca le guide del MAEC. L\u2019audioguida del MAEC si pu\u00f2 utilizzare anche in modalit\u00e0 off-line scaricandola prima della visita al museo.<br>\nLa guida \u00e8 disponibile in italiano e inglese e puoi scaricarla su Applestore, Google Play e Windows.<\/p>\n<p><a href=\"https:\/\/izi.travel\/it\/b64c-maec-museo-dell-accademia-etrusca-e-della-citta-di-cortona\/it\" target=\"_blank\" rel=\"noopener\">Consulta l\u2019audioguida del MAEC<\/a><\/p>\n<p><a href=\"https:\/\/itunes.apple.com\/app\/opas\/id554726752\" target=\"_blank\" rel=\"noopener\"><img loading=\"lazy\" decoding=\"async\" class=\"alignleft wp-image-141\" title=\"MAEC Cortona | Apple store\" src=\"https:\/\/cortonamaec.org\/wp-content\/uploads\/2017\/12\/apple-store-300x89.png\" alt=\"MAEC Cortona | Apple store\" width=\"150\" height=\"45\"><\/a> <a href=\"https:\/\/play.google.com\/store\/apps\/details?id=travel.opas.client&amp;referrer=content_lang%3Dit%26content_uuid%3Dac3b8c7f-6ef2-4cab-b218-bf7d94c4d55a%26utm_source%3Dizi.travel\" target=\"_blank\" rel=\"noopener\"><img loading=\"lazy\" decoding=\"async\" class=\"alignleft wp-image-142\" title=\"MAEC Cortona | Google Play store\" src=\"https:\/\/cortonamaec.org\/wp-content\/uploads\/2017\/12\/play-store-300x89.png\" alt=\"MAEC Cortona | Google Play store\" width=\"150\" height=\"45\"><\/a> <a href=\"https:\/\/www.microsoft.com\/store\/apps\/9wzdncrdls98?ocid=badge\" target=\"_blank\" rel=\"noopener\"><img loading=\"lazy\" decoding=\"async\" class=\"alignleft wp-image-143\" title=\"MAEC Cortona | Windows store\" src=\"https:\/\/cortonamaec.org\/wp-content\/uploads\/2017\/12\/windows-store-300x89.png\" alt=\"MAEC Cortona | Windows store\" width=\"152\" height=\"45\"><\/a><\/p>\n<div class=\"clearfix\" style=\"padding-bottom: 50px;\"><\/div>\n<h2><em>Facilita la tua visita<\/em><\/h2>\n<h1>VISITE GUIDATE<\/h1>\n<p>Le visite al Museo dell\u2019Accademia Etrusca e della Citt\u00e0 di Cortona presentano l\u2019intero corpo delle collezioni museali seguendo un percorso fondamentalmente cronologico. Tali percorsi sono sempre accompagnati da esperti archeologi e storici dell\u2019arte, appositamente formati per le attivit\u00e0 di didattica museale.<\/p>\n<p><span style=\"text-decoration: underline;\"><a class=\"content-attachment\" href=\"https:\/\/cortonamaec.org\/wp-content\/uploads\/2023\/10\/DEPLIANT2023ITA.pdf\" type=\"application\/pdf\">SCARICA LA BROCHURE<\/a><\/span><\/p>\n","protected":false},"excerpt":{"rendered":"<p>izi.Travel LE AUDIOGUIDE DEL MUSEO \u00c8 disponibile gratuitamente l\u2019audio-guida le MAEC da scaricare facilmente sul proprio PC o smartphone. Scarica l\u2019app izi.TRAVEL e cerca le guide del MAEC. L\u2019audioguida del MAEC si pu\u00f2 utilizzare anche in modalit\u00e0 off-line scaricandola prima della visita al museo. La guida \u00e8 disponibile in italiano e inglese e puoi scaricarla [&hellip;]<\/p>\n","protected":false},"author":9,"featured_media":163,"parent":0,"menu_order":0,"comment_status":"closed","ping_status":"closed","template":"","meta":{"accademia_id":0,"footnotes":""},"class_list":["post-2056","page","type-page","status-publish","has-post-thumbnail","hentry"],"yoast_head":"<!-- This site is optimized with the Yoast SEO plugin v26.3 - https:\/\/yoast.com\/wordpress\/plugins\/seo\/ -->\n<title>MAEC Cortona | Informazioni sulle audioguide scaricabili e sulle visite guidate al museo<\/title>\n<meta name=\"description\" content=\"Le audioguide izi.TRAVEL scaricale su Apple Store e Google Play e l\u2019elenco delle visite guidate al MAEC\" \/>\n<meta name=\"robots\" content=\"index, follow, max-snippet:-1, max-image-preview:large, max-video-preview:-1\" \/>\n<link rel=\"canonical\" href=\"https:\/\/archivio.cortonamaec.org\/it\/audioguide-e-visite-guidate\/\" \/>\n<meta property=\"og:locale\" content=\"it_IT\" \/>\n<meta property=\"og:type\" content=\"article\" \/>\n<meta property=\"og:title\" content=\"MAEC Cortona | Informazioni sulle audioguide scaricabili e sulle visite guidate al museo\" \/>\n<meta property=\"og:description\" content=\"Le audioguide izi.TRAVEL scaricale su Apple Store e Google Play e l\u2019elenco delle visite guidate al MAEC\" \/>\n<meta property=\"og:url\" content=\"https:\/\/archivio.cortonamaec.org\/it\/audioguide-e-visite-guidate\/\" \/>\n<meta property=\"og:site_name\" content=\"MAEC Cortona\" \/>\n<meta property=\"article:modified_time\" content=\"2023-10-18T11:03:33+00:00\" \/>\n<meta property=\"og:image\" content=\"https:\/\/archivio.cortonamaec.org\/wp-content\/uploads\/2017\/12\/IMG_9892.jpg\" \/>\n\t<meta property=\"og:image:width\" content=\"1920\" \/>\n\t<meta property=\"og:image:height\" content=\"800\" \/>\n\t<meta property=\"og:image:type\" content=\"image\/jpeg\" \/>\n<meta name=\"twitter:card\" content=\"summary_large_image\" \/>\n<meta name=\"twitter:label1\" content=\"Tempo di lettura stimato\" \/>\n\t<meta name=\"twitter:data1\" content=\"2 minuti\" \/>\n<script type=\"application\/ld+json\" class=\"yoast-schema-graph\">{\"@context\":\"https:\/\/schema.org\",\"@graph\":[{\"@type\":\"WebPage\",\"@id\":\"https:\/\/archivio.cortonamaec.org\/it\/audioguide-e-visite-guidate\/\",\"url\":\"https:\/\/archivio.cortonamaec.org\/it\/audioguide-e-visite-guidate\/\",\"name\":\"MAEC Cortona | Informazioni sulle audioguide scaricabili e sulle visite guidate al museo\",\"isPartOf\":{\"@id\":\"https:\/\/archivio.cortonamaec.org\/it\/#website\"},\"primaryImageOfPage\":{\"@id\":\"https:\/\/archivio.cortonamaec.org\/it\/audioguide-e-visite-guidate\/#primaryimage\"},\"image\":{\"@id\":\"https:\/\/archivio.cortonamaec.org\/it\/audioguide-e-visite-guidate\/#primaryimage\"},\"thumbnailUrl\":\"https:\/\/archivio.cortonamaec.org\/wp-content\/uploads\/2017\/12\/IMG_9892.jpg\",\"datePublished\":\"2022-02-04T09:59:04+00:00\",\"dateModified\":\"2023-10-18T11:03:33+00:00\",\"description\":\"Le audioguide izi.TRAVEL scaricale su Apple Store e Google Play e l\u2019elenco delle visite guidate al MAEC\",\"breadcrumb\":{\"@id\":\"https:\/\/archivio.cortonamaec.org\/it\/audioguide-e-visite-guidate\/#breadcrumb\"},\"inLanguage\":\"it-IT\",\"potentialAction\":[{\"@type\":\"ReadAction\",\"target\":[\"https:\/\/archivio.cortonamaec.org\/it\/audioguide-e-visite-guidate\/\"]}]},{\"@type\":\"ImageObject\",\"inLanguage\":\"it-IT\",\"@id\":\"https:\/\/archivio.cortonamaec.org\/it\/audioguide-e-visite-guidate\/#primaryimage\",\"url\":\"https:\/\/archivio.cortonamaec.org\/wp-content\/uploads\/2017\/12\/IMG_9892.jpg\",\"contentUrl\":\"https:\/\/archivio.cortonamaec.org\/wp-content\/uploads\/2017\/12\/IMG_9892.jpg\",\"width\":1920,\"height\":800,\"caption\":\"MAEC Cortona\"},{\"@type\":\"BreadcrumbList\",\"@id\":\"https:\/\/archivio.cortonamaec.org\/it\/audioguide-e-visite-guidate\/#breadcrumb\",\"itemListElement\":[{\"@type\":\"ListItem\",\"position\":1,\"name\":\"Home\",\"item\":\"https:\/\/archivio.cortonamaec.org\/it\/\"},{\"@type\":\"ListItem\",\"position\":2,\"name\":\"Audioguide e visite guidate\"}]},{\"@type\":\"WebSite\",\"@id\":\"https:\/\/archivio.cortonamaec.org\/it\/#website\",\"url\":\"https:\/\/archivio.cortonamaec.org\/it\/\",\"name\":\"MAEC Cortona\",\"description\":\"Museo dell&#039;Accademia Etrusca e della Citt\u00e0 di Cortona\",\"potentialAction\":[{\"@type\":\"SearchAction\",\"target\":{\"@type\":\"EntryPoint\",\"urlTemplate\":\"https:\/\/archivio.cortonamaec.org\/it\/?s={search_term_string}\"},\"query-input\":{\"@type\":\"PropertyValueSpecification\",\"valueRequired\":true,\"valueName\":\"search_term_string\"}}],\"inLanguage\":\"it-IT\"}]}<\/script>\n<!-- \/ Yoast SEO plugin. -->","yoast_head_json":{"title":"MAEC Cortona | Informazioni sulle audioguide scaricabili e sulle visite guidate al museo","description":"Le audioguide izi.TRAVEL scaricale su Apple Store e Google Play e l\u2019elenco delle visite guidate al MAEC","robots":{"index":"index","follow":"follow","max-snippet":"max-snippet:-1","max-image-preview":"max-image-preview:large","max-video-preview":"max-video-preview:-1"},"canonical":"https:\/\/archivio.cortonamaec.org\/it\/audioguide-e-visite-guidate\/","og_locale":"it_IT","og_type":"article","og_title":"MAEC Cortona | Informazioni sulle audioguide scaricabili e sulle visite guidate al museo","og_description":"Le audioguide izi.TRAVEL scaricale su Apple Store e Google Play e l\u2019elenco delle visite guidate al MAEC","og_url":"https:\/\/archivio.cortonamaec.org\/it\/audioguide-e-visite-guidate\/","og_site_name":"MAEC Cortona","article_modified_time":"2023-10-18T11:03:33+00:00","og_image":[{"width":1920,"height":800,"url":"https:\/\/archivio.cortonamaec.org\/wp-content\/uploads\/2017\/12\/IMG_9892.jpg","type":"image\/jpeg"}],"twitter_card":"summary_large_image","twitter_misc":{"Tempo di lettura stimato":"2 minuti"},"schema":{"@context":"https:\/\/schema.org","@graph":[{"@type":"WebPage","@id":"https:\/\/archivio.cortonamaec.org\/it\/audioguide-e-visite-guidate\/","url":"https:\/\/archivio.cortonamaec.org\/it\/audioguide-e-visite-guidate\/","name":"MAEC Cortona | Informazioni sulle audioguide scaricabili e sulle visite guidate al museo","isPartOf":{"@id":"https:\/\/archivio.cortonamaec.org\/it\/#website"},"primaryImageOfPage":{"@id":"https:\/\/archivio.cortonamaec.org\/it\/audioguide-e-visite-guidate\/#primaryimage"},"image":{"@id":"https:\/\/archivio.cortonamaec.org\/it\/audioguide-e-visite-guidate\/#primaryimage"},"thumbnailUrl":"https:\/\/archivio.cortonamaec.org\/wp-content\/uploads\/2017\/12\/IMG_9892.jpg","datePublished":"2022-02-04T09:59:04+00:00","dateModified":"2023-10-18T11:03:33+00:00","description":"Le audioguide izi.TRAVEL scaricale su Apple Store e Google Play e l\u2019elenco delle visite guidate al MAEC","breadcrumb":{"@id":"https:\/\/archivio.cortonamaec.org\/it\/audioguide-e-visite-guidate\/#breadcrumb"},"inLanguage":"it-IT","potentialAction":[{"@type":"ReadAction","target":["https:\/\/archivio.cortonamaec.org\/it\/audioguide-e-visite-guidate\/"]}]},{"@type":"ImageObject","inLanguage":"it-IT","@id":"https:\/\/archivio.cortonamaec.org\/it\/audioguide-e-visite-guidate\/#primaryimage","url":"https:\/\/archivio.cortonamaec.org\/wp-content\/uploads\/2017\/12\/IMG_9892.jpg","contentUrl":"https:\/\/archivio.cortonamaec.org\/wp-content\/uploads\/2017\/12\/IMG_9892.jpg","width":1920,"height":800,"caption":"MAEC Cortona"},{"@type":"BreadcrumbList","@id":"https:\/\/archivio.cortonamaec.org\/it\/audioguide-e-visite-guidate\/#breadcrumb","itemListElement":[{"@type":"ListItem","position":1,"name":"Home","item":"https:\/\/archivio.cortonamaec.org\/it\/"},{"@type":"ListItem","position":2,"name":"Audioguide e visite guidate"}]},{"@type":"WebSite","@id":"https:\/\/archivio.cortonamaec.org\/it\/#website","url":"https:\/\/archivio.cortonamaec.org\/it\/","name":"MAEC Cortona","description":"Museo dell&#039;Accademia Etrusca e della Citt\u00e0 di Cortona","potentialAction":[{"@type":"SearchAction","target":{"@type":"EntryPoint","urlTemplate":"https:\/\/archivio.cortonamaec.org\/it\/?s={search_term_string}"},"query-input":{"@type":"PropertyValueSpecification","valueRequired":true,"valueName":"search_term_string"}}],"inLanguage":"it-IT"}]}},"acf":[],"_links":{"self":[{"href":"https:\/\/archivio.cortonamaec.org\/it\/wp-json\/wp\/v2\/pages\/2056","targetHints":{"allow":["GET"]}}],"collection":[{"href":"https:\/\/archivio.cortonamaec.org\/it\/wp-json\/wp\/v2\/pages"}],"about":[{"href":"https:\/\/archivio.cortonamaec.org\/it\/wp-json\/wp\/v2\/types\/page"}],"author":[{"embeddable":true,"href":"https:\/\/archivio.cortonamaec.org\/it\/wp-json\/wp\/v2\/users\/9"}],"replies":[{"embeddable":true,"href":"https:\/\/archivio.cortonamaec.org\/it\/wp-json\/wp\/v2\/comments?post=2056"}],"version-history":[{"count":4,"href":"https:\/\/archivio.cortonamaec.org\/it\/wp-json\/wp\/v2\/pages\/2056\/revisions"}],"predecessor-version":[{"id":3131,"href":"https:\/\/archivio.cortonamaec.org\/it\/wp-json\/wp\/v2\/pages\/2056\/revisions\/3131"}],"wp:featuredmedia":[{"embeddable":true,"href":"https:\/\/archivio.cortonamaec.org\/it\/wp-json\/wp\/v2\/media\/163"}],"wp:attachment":[{"href":"https:\/\/archivio.cortonamaec.org\/it\/wp-json\/wp\/v2\/media?parent=2056"}],"curies":[{"name":"wp","href":"https:\/\/api.w.org\/{rel}","templated":true}]}}